{"id":16311,"date":"2017-04-13T09:41:36","date_gmt":"2017-04-13T07:41:36","guid":{"rendered":"http:\/\/www.lungenhochdruck.ch\/ph\/"},"modified":"2019-06-07T12:16:04","modified_gmt":"2019-06-07T10:16:04","slug":"ph","status":"publish","type":"page","link":"https:\/\/www.lungenhochdruck.ch\/fr\/ph\/","title":{"rendered":"Pulmonale Hypertonie"},"content":{"rendered":"<p>L&rsquo;hypertension pulmonaire est une maladie qui se manifeste par une tension art&eacute;rielle accrue dans les poumons. Tendis que la tension art&eacute;rielle de la grande circulation (circulation syst&eacute;mique) est d&rsquo;environ 120\/80&nbsp;millim&egrave;tres de mercure (), la tension normale dans la circulation pulmonaire (petite circulation) n&rsquo;est que d&rsquo;environ 20\/8&nbsp;<a href=\"https:\/\/www.lungenhochdruck.ch\/fr\/glossar\/mmhg\/\" target=\"_blank\" title=\"Millimeter Quecksilbers&auml;ule. Das ist der Druck den es ben&ouml;tigt, eine Quecksilber in einem u-f&ouml;rmigen Glas-R&ouml;hrchen um eine bestimmte h&ouml;he hochzudr&uuml;cken. Die Einheit r&uuml;hrt von der fr&uuml;heren Bauweise von Druckmessger&auml;ten her. Die Einheit ist veraltet und wurde durch die SI-Einheit Pascal&hellip;\" class=\"encyclopedia\">mmHg<\/a> au repos. On parle d&rsquo;hypertension pulmonaire lorsque la valeur tensionnelle moyenne de la circulation pulmonaire d&eacute;passe 25&nbsp;<a href=\"https:\/\/www.lungenhochdruck.ch\/fr\/glossar\/mmhg\/\" target=\"_blank\" title=\"Millimeter Quecksilbers&auml;ule. Das ist der Druck den es ben&ouml;tigt, eine Quecksilber in einem u-f&ouml;rmigen Glas-R&ouml;hrchen um eine bestimmte h&ouml;he hochzudr&uuml;cken. Die Einheit r&uuml;hrt von der fr&uuml;heren Bauweise von Druckmessger&auml;ten her. Die Einheit ist veraltet und wurde durch die SI-Einheit Pascal&hellip;\" class=\"encyclopedia\">mmHg<\/a>.<\/p>\n<p>Le terme d&rsquo;hypertension pulmonaire (<a href=\"http:\/\/www.lungenhochdruck.ch\/glossar\/ph\/\">HTP<\/a>) regroupe toutes les maladies associ&eacute;es &agrave; une <a href=\"http:\/\/www.lungenhochdruck.ch\/glossar\/lungenhochdruck\/\">hypertension pulmonaire<\/a>. Ces maladies peuvent avoir diff&eacute;rentes causes, mais toutes entra&icirc;nent une tension accrue dans la circulation pulmonaire, c&rsquo;est-&agrave;-dire dans les vaisseaux de la circulation allant du c&oelig;ur droit au c&oelig;ur gauche. Cette modification pathologique expose le c&oelig;ur droit &agrave; une charge excessive de pression, pouvant conduire &agrave; une d&eacute;faillance du c&oelig;ur droit au stade final de la maladie.<\/p>\n<p>Un diagnostic d&rsquo;hypertension pulmonaire (hypertension art&eacute;rielle pulmonaire \/ HTAP) est souvent difficile &agrave; accepter. La premi&egrave;re r&eacute;action peut aller d&rsquo;un choc et d&rsquo;une incr&eacute;dulit&eacute; jusqu&rsquo;&agrave; la col&egrave;re, l&rsquo;anxi&eacute;t&eacute; ou la tristesse. Pour certaines personnes affect&eacute;es, la nouvelle pourrait cependant aussi apporter le soulagement de ne plus &ecirc;tre dans l&rsquo;incertitude et de pouvoir enfin savoir de quelle maladie elles sont atteintes, ce qui leur permet de s&rsquo;informer sur la meilleure fa&ccedil;on de la traiter.<\/p>\n<p><a ref=\"magnificPopup\" href=\"http:\/\/lungenhochdruck.ch\/wp-content\/uploads\/2017\/04\/Herz_PAH.jpg\"><img loading=\"lazy\" decoding=\"async\" class=\"alignnone wp-image-1954 size-large\" src=\"http:\/\/lungenhochdruck.ch\/wp-content\/uploads\/2017\/04\/Herz_PAH-1024x529.jpg\" alt=\"\" width=\"1024\" height=\"529\" srcset=\"https:\/\/www.lungenhochdruck.ch\/wp-content\/uploads\/2017\/04\/Herz_PAH-1024x529.jpg 1024w, https:\/\/www.lungenhochdruck.ch\/wp-content\/uploads\/2017\/04\/Herz_PAH-300x155.jpg 300w, https:\/\/www.lungenhochdruck.ch\/wp-content\/uploads\/2017\/04\/Herz_PAH-768x396.jpg 768w, https:\/\/www.lungenhochdruck.ch\/wp-content\/uploads\/2017\/04\/Herz_PAH-600x310.jpg 600w, https:\/\/www.lungenhochdruck.ch\/wp-content\/uploads\/2017\/04\/Herz_PAH.jpg 1542w\" sizes=\"auto, (max-width: 1024px) 100vw, 1024px\"><\/a><br>\nHypertension art&eacute;rielle pulmonaire (HTAP) = augmentation de la r&eacute;sistance vasculaire dans l&rsquo;art&egrave;re pulmonaire<\/p>\n","protected":false},"excerpt":{"rendered":"<p>L\u2019hypertension pulmonaire est une maladie qui se manifeste par une tension art\u00e9rielle accrue dans les poumons. Tendis que la tension art\u00e9rielle de la grande circulation (circulation syst\u00e9mique) est d\u2019environ 120\/80\u00a0millim\u00e8tres&#8230;<\/p>\n","protected":false},"author":22,"featured_media":0,"parent":0,"menu_order":3,"comment_status":"closed","ping_status":"closed","template":"","meta":{"footnotes":""},"class_list":["post-16311","page","type-page","status-publish","hentry"],"yoast_head":"<!-- This site is optimized with the Yoast SEO plugin v27.4 - https:\/\/yoast.com\/product\/yoast-seo-wordpress\/ -->\n<title>Pulmonale Hypertonie - Lungenhochdruck<\/title>\n<meta name=\"description\" content=\"Lungenhochdruck Pulmonale Hypertonie\" \/>\n<meta name=\"robots\" content=\"index, follow, max-snippet:-1, max-image-preview:large, max-video-preview:-1\" \/>\n<link rel=\"canonical\" href=\"https:\/\/www.lungenhochdruck.ch\/fr\/ph\/\" \/>\n<meta property=\"og:locale\" content=\"fr_FR\" \/>\n<meta property=\"og:type\" content=\"article\" \/>\n<meta property=\"og:title\" content=\"Pulmonale Hypertonie - Lungenhochdruck\" \/>\n<meta property=\"og:description\" content=\"Lungenhochdruck Pulmonale Hypertonie\" \/>\n<meta property=\"og:url\" content=\"https:\/\/www.lungenhochdruck.ch\/fr\/ph\/\" \/>\n<meta property=\"og:site_name\" content=\"Lungenhochdruck\" \/>\n<meta property=\"article:publisher\" content=\"https:\/\/www.facebook.com\/Lungenhochdruck-Schweiz-111565582240897\/\" \/>\n<meta property=\"article:modified_time\" content=\"2019-06-07T10:16:04+00:00\" \/>\n<meta property=\"og:image\" content=\"http:\/\/lungenhochdruck.ch\/wp-content\/uploads\/2017\/04\/Herz_PAH-1024x529.jpg\" \/>\n<meta name=\"twitter:card\" content=\"summary_large_image\" \/>\n<meta name=\"twitter:label1\" content=\"Dur\u00e9e de lecture estim\u00e9e\" \/>\n\t<meta name=\"twitter:data1\" content=\"1 minute\" \/>\n<script type=\"application\/ld+json\" class=\"yoast-schema-graph\">{\"@context\":\"https:\\\/\\\/schema.org\",\"@graph\":[{\"@type\":\"WebPage\",\"@id\":\"https:\\\/\\\/www.lungenhochdruck.ch\\\/fr\\\/ph\\\/\",\"url\":\"https:\\\/\\\/www.lungenhochdruck.ch\\\/fr\\\/ph\\\/\",\"name\":\"Pulmonale Hypertonie - Lungenhochdruck\",\"isPartOf\":{\"@id\":\"https:\\\/\\\/www.lungenhochdruck.ch\\\/#website\"},\"primaryImageOfPage\":{\"@id\":\"https:\\\/\\\/www.lungenhochdruck.ch\\\/fr\\\/ph\\\/#primaryimage\"},\"image\":{\"@id\":\"https:\\\/\\\/www.lungenhochdruck.ch\\\/fr\\\/ph\\\/#primaryimage\"},\"thumbnailUrl\":\"http:\\\/\\\/lungenhochdruck.ch\\\/wp-content\\\/uploads\\\/2017\\\/04\\\/Herz_PAH-1024x529.jpg\",\"datePublished\":\"2017-04-13T07:41:36+00:00\",\"dateModified\":\"2019-06-07T10:16:04+00:00\",\"description\":\"Lungenhochdruck Pulmonale Hypertonie\",\"breadcrumb\":{\"@id\":\"https:\\\/\\\/www.lungenhochdruck.ch\\\/fr\\\/ph\\\/#breadcrumb\"},\"inLanguage\":\"fr-FR\",\"potentialAction\":[{\"@type\":\"ReadAction\",\"target\":[\"https:\\\/\\\/www.lungenhochdruck.ch\\\/fr\\\/ph\\\/\"]}]},{\"@type\":\"ImageObject\",\"inLanguage\":\"fr-FR\",\"@id\":\"https:\\\/\\\/www.lungenhochdruck.ch\\\/fr\\\/ph\\\/#primaryimage\",\"url\":\"http:\\\/\\\/lungenhochdruck.ch\\\/wp-content\\\/uploads\\\/2017\\\/04\\\/Herz_PAH-1024x529.jpg\",\"contentUrl\":\"http:\\\/\\\/lungenhochdruck.ch\\\/wp-content\\\/uploads\\\/2017\\\/04\\\/Herz_PAH-1024x529.jpg\"},{\"@type\":\"BreadcrumbList\",\"@id\":\"https:\\\/\\\/www.lungenhochdruck.ch\\\/fr\\\/ph\\\/#breadcrumb\",\"itemListElement\":[{\"@type\":\"ListItem\",\"position\":1,\"name\":\"Startseite\",\"item\":\"https:\\\/\\\/www.lungenhochdruck.ch\\\/fr\\\/\"},{\"@type\":\"ListItem\",\"position\":2,\"name\":\"Pulmonale Hypertonie\"}]},{\"@type\":\"WebSite\",\"@id\":\"https:\\\/\\\/www.lungenhochdruck.ch\\\/#website\",\"url\":\"https:\\\/\\\/www.lungenhochdruck.ch\\\/\",\"name\":\"Lungenhochdruck\",\"description\":\"pulmonale arterielle Hypertonie\",\"publisher\":{\"@id\":\"https:\\\/\\\/www.lungenhochdruck.ch\\\/#organization\"},\"potentialAction\":[{\"@type\":\"SearchAction\",\"target\":{\"@type\":\"EntryPoint\",\"urlTemplate\":\"https:\\\/\\\/www.lungenhochdruck.ch\\\/?s={search_term_string}\"},\"query-input\":{\"@type\":\"PropertyValueSpecification\",\"valueRequired\":true,\"valueName\":\"search_term_string\"}}],\"inLanguage\":\"fr-FR\"},{\"@type\":\"Organization\",\"@id\":\"https:\\\/\\\/www.lungenhochdruck.ch\\\/#organization\",\"name\":\"SPHV\",\"url\":\"https:\\\/\\\/www.lungenhochdruck.ch\\\/\",\"logo\":{\"@type\":\"ImageObject\",\"inLanguage\":\"fr-FR\",\"@id\":\"https:\\\/\\\/www.lungenhochdruck.ch\\\/#\\\/schema\\\/logo\\\/image\\\/\",\"url\":\"https:\\\/\\\/www.lungenhochdruck.ch\\\/wp-content\\\/uploads\\\/2000\\\/Logo-m.png\",\"contentUrl\":\"https:\\\/\\\/www.lungenhochdruck.ch\\\/wp-content\\\/uploads\\\/2000\\\/Logo-m.png\",\"width\":147,\"height\":158,\"caption\":\"SPHV\"},\"image\":{\"@id\":\"https:\\\/\\\/www.lungenhochdruck.ch\\\/#\\\/schema\\\/logo\\\/image\\\/\"},\"sameAs\":[\"https:\\\/\\\/www.facebook.com\\\/Lungenhochdruck-Schweiz-111565582240897\\\/\",\"https:\\\/\\\/instagram.com\\\/schweizer_ph_verein\",\"https:\\\/\\\/www.youtube.com\\\/channel\\\/UCgvCafUdjwoMKAzzGiaPyoQ\"]}]}<\/script>\n<!-- \/ Yoast SEO plugin. -->","yoast_head_json":{"title":"Pulmonale Hypertonie - Lungenhochdruck","description":"Lungenhochdruck Pulmonale Hypertonie","robots":{"index":"index","follow":"follow","max-snippet":"max-snippet:-1","max-image-preview":"max-image-preview:large","max-video-preview":"max-video-preview:-1"},"canonical":"https:\/\/www.lungenhochdruck.ch\/fr\/ph\/","og_locale":"fr_FR","og_type":"article","og_title":"Pulmonale Hypertonie - Lungenhochdruck","og_description":"Lungenhochdruck Pulmonale Hypertonie","og_url":"https:\/\/www.lungenhochdruck.ch\/fr\/ph\/","og_site_name":"Lungenhochdruck","article_publisher":"https:\/\/www.facebook.com\/Lungenhochdruck-Schweiz-111565582240897\/","article_modified_time":"2019-06-07T10:16:04+00:00","og_image":[{"url":"http:\/\/lungenhochdruck.ch\/wp-content\/uploads\/2017\/04\/Herz_PAH-1024x529.jpg","type":"","width":"","height":""}],"twitter_card":"summary_large_image","twitter_misc":{"Dur\u00e9e de lecture estim\u00e9e":"1 minute"},"schema":{"@context":"https:\/\/schema.org","@graph":[{"@type":"WebPage","@id":"https:\/\/www.lungenhochdruck.ch\/fr\/ph\/","url":"https:\/\/www.lungenhochdruck.ch\/fr\/ph\/","name":"Pulmonale Hypertonie - Lungenhochdruck","isPartOf":{"@id":"https:\/\/www.lungenhochdruck.ch\/#website"},"primaryImageOfPage":{"@id":"https:\/\/www.lungenhochdruck.ch\/fr\/ph\/#primaryimage"},"image":{"@id":"https:\/\/www.lungenhochdruck.ch\/fr\/ph\/#primaryimage"},"thumbnailUrl":"http:\/\/lungenhochdruck.ch\/wp-content\/uploads\/2017\/04\/Herz_PAH-1024x529.jpg","datePublished":"2017-04-13T07:41:36+00:00","dateModified":"2019-06-07T10:16:04+00:00","description":"Lungenhochdruck Pulmonale Hypertonie","breadcrumb":{"@id":"https:\/\/www.lungenhochdruck.ch\/fr\/ph\/#breadcrumb"},"inLanguage":"fr-FR","potentialAction":[{"@type":"ReadAction","target":["https:\/\/www.lungenhochdruck.ch\/fr\/ph\/"]}]},{"@type":"ImageObject","inLanguage":"fr-FR","@id":"https:\/\/www.lungenhochdruck.ch\/fr\/ph\/#primaryimage","url":"http:\/\/lungenhochdruck.ch\/wp-content\/uploads\/2017\/04\/Herz_PAH-1024x529.jpg","contentUrl":"http:\/\/lungenhochdruck.ch\/wp-content\/uploads\/2017\/04\/Herz_PAH-1024x529.jpg"},{"@type":"BreadcrumbList","@id":"https:\/\/www.lungenhochdruck.ch\/fr\/ph\/#breadcrumb","itemListElement":[{"@type":"ListItem","position":1,"name":"Startseite","item":"https:\/\/www.lungenhochdruck.ch\/fr\/"},{"@type":"ListItem","position":2,"name":"Pulmonale Hypertonie"}]},{"@type":"WebSite","@id":"https:\/\/www.lungenhochdruck.ch\/#website","url":"https:\/\/www.lungenhochdruck.ch\/","name":"Lungenhochdruck","description":"pulmonale arterielle Hypertonie","publisher":{"@id":"https:\/\/www.lungenhochdruck.ch\/#organization"},"potentialAction":[{"@type":"SearchAction","target":{"@type":"EntryPoint","urlTemplate":"https:\/\/www.lungenhochdruck.ch\/?s={search_term_string}"},"query-input":{"@type":"PropertyValueSpecification","valueRequired":true,"valueName":"search_term_string"}}],"inLanguage":"fr-FR"},{"@type":"Organization","@id":"https:\/\/www.lungenhochdruck.ch\/#organization","name":"SPHV","url":"https:\/\/www.lungenhochdruck.ch\/","logo":{"@type":"ImageObject","inLanguage":"fr-FR","@id":"https:\/\/www.lungenhochdruck.ch\/#\/schema\/logo\/image\/","url":"https:\/\/www.lungenhochdruck.ch\/wp-content\/uploads\/2000\/Logo-m.png","contentUrl":"https:\/\/www.lungenhochdruck.ch\/wp-content\/uploads\/2000\/Logo-m.png","width":147,"height":158,"caption":"SPHV"},"image":{"@id":"https:\/\/www.lungenhochdruck.ch\/#\/schema\/logo\/image\/"},"sameAs":["https:\/\/www.facebook.com\/Lungenhochdruck-Schweiz-111565582240897\/","https:\/\/instagram.com\/schweizer_ph_verein","https:\/\/www.youtube.com\/channel\/UCgvCafUdjwoMKAzzGiaPyoQ"]}]}},"_links":{"self":[{"href":"https:\/\/www.lungenhochdruck.ch\/fr\/wp-json\/wp\/v2\/pages\/16311","targetHints":{"allow":["GET"]}}],"collection":[{"href":"https:\/\/www.lungenhochdruck.ch\/fr\/wp-json\/wp\/v2\/pages"}],"about":[{"href":"https:\/\/www.lungenhochdruck.ch\/fr\/wp-json\/wp\/v2\/types\/page"}],"author":[{"embeddable":true,"href":"https:\/\/www.lungenhochdruck.ch\/fr\/wp-json\/wp\/v2\/users\/22"}],"replies":[{"embeddable":true,"href":"https:\/\/www.lungenhochdruck.ch\/fr\/wp-json\/wp\/v2\/comments?post=16311"}],"version-history":[{"count":0,"href":"https:\/\/www.lungenhochdruck.ch\/fr\/wp-json\/wp\/v2\/pages\/16311\/revisions"}],"wp:attachment":[{"href":"https:\/\/www.lungenhochdruck.ch\/fr\/wp-json\/wp\/v2\/media?parent=16311"}],"curies":[{"name":"wp","href":"https:\/\/api.w.org\/{rel}","templated":true}]}}