{"id":16359,"date":"2017-04-15T23:11:31","date_gmt":"2017-04-15T21:11:31","guid":{"rendered":"http:\/\/www.lungenhochdruck.ch\/spenden\/"},"modified":"2024-02-09T17:39:39","modified_gmt":"2024-02-09T16:39:39","slug":"spenden","status":"publish","type":"page","link":"https:\/\/www.lungenhochdruck.ch\/fr\/contact\/spenden\/","title":{"rendered":"Donner"},"content":{"rendered":"<section class=\"l-section wpb_row height_medium\"><div class=\"l-section-h i-cf\"><div class=\"g-cols vc_row via_flex valign_top type_default stacking_default\"><div class=\"vc_col-sm-12 wpb_column vc_column_container\"><div class=\"vc_column-inner\"><div class=\"wpb_wrapper\"><div class=\"wpb_text_column\"><div class=\"wpb_wrapper\"><p>Les dons sont bienvenus.<br>\nL&rsquo;<a href=\"https:\/\/www.lungenhochdruck.ch\/fr\/glossar\/ph-verein\/\">Association suisse d&rsquo;HTP<\/a> d&eacute;pend de votre soutien. Les sommes sont enti&egrave;rement (100&nbsp;%) utilis&eacute;es en faveur des personnes affect&eacute;es. Chaque CHF donn&eacute; nous aide. Aidez-nous &agrave; mener nos futurs projets &agrave; bon terme. Soutenez-nous dans la lutte contre l&rsquo;<a href=\"https:\/\/www.lungenhochdruck.ch\/fr\/glossar\/lungenhochdruck\/\">hypertension pulmonaire<\/a> par un don ou en tant qu&rsquo;<a href=\"http:\/\/lungenhochdruck.ch\/ueber-uns\/mitgliedschaft\/\">adh&eacute;rent<\/a>.<\/p>\n<p>L&rsquo;hypertension peut frapper chacun d&rsquo;entre nous &agrave; tout moment, ind&eacute;pendamment de l&rsquo;&acirc;ge, du sexe ou des habitudes de vie.<\/p>\n<p>Nous vous remercions infiniment de votre don!<br>\nChaque don compte! Nous aimerions pouvoir pr&eacute;senter aussi au cours de l&rsquo;ann&eacute;e nos remerciements pour chaque don individuel.<br>\nNous devons malheureusement y renoncer pour &eacute;viter des frais excessifs.<br>\nNous pr&eacute;sentons fondamentalement nos remerciements pour les dons &agrave; partir de 100,-&nbsp;CHF ou si vous le souhaitez.<\/p>\n<p>Droit &agrave; une r&eacute;duction d&rsquo;imp&ocirc;t<br>\nLes dons volontaires &agrave; l&rsquo;<a href=\"https:\/\/www.lungenhochdruck.ch\/fr\/glossar\/sphv\/\">Association suisse d&rsquo;HTP<\/a> peuvent &ecirc;tre d&eacute;duits des revenus imposables conform&eacute;ment au &sect;29, al.&nbsp;1 lettre&nbsp;I de la loi sur l&rsquo;imp&ocirc;t et &agrave; l&rsquo;art.&nbsp;33a de la LIFD.<\/p>\n<\/div><\/div><\/div><\/div><\/div><\/div><\/div><\/section><section class=\"l-section wpb_row height_medium\"><div class=\"l-section-h i-cf\"><div class=\"g-cols vc_row via_flex valign_top type_default stacking_default\"><div class=\"vc_col-sm-4 wpb_column vc_column_container\"><div class=\"vc_column-inner\"><div class=\"wpb_wrapper\"><div class=\"wpb_text_column\"><div class=\"wpb_wrapper\"><p><span lang=\"DE\">En faveur des enfants de <a href=\"https:\/\/www.lungenhochdruck.ch\/fr\/glossar\/sphv\/\" target=\"_blank\" title=\"Abk. f&uuml;r Schweizer Pulmonale Hypertonie Verein (SPHV) f&uuml;r Menschen mit pulmonaler Hyperonie\" class=\"encyclopedia\">SPHV<\/a><br>\n<\/span><strong>Schwyzer Kantonalbank<br>\n6431 Schwyz<\/strong><\/p>\n<p>IBAN CH41 0077 7005 3136 2377 6<br>\nSchweizer <a href=\"https:\/\/www.lungenhochdruck.ch\/fr\/glossar\/ph-verein\/\" target=\"_blank\" title=\"Schweizerische PH-Verein, f&uuml;r Menschen mit pulmonaler Hypertonie\" class=\"encyclopedia\">PH-Verein<\/a> (<a href=\"https:\/\/www.lungenhochdruck.ch\/fr\/glossar\/sphv\/\" target=\"_blank\" title=\"Abk. f&uuml;r Schweizer Pulmonale Hypertonie Verein (SPHV) f&uuml;r Menschen mit pulmonaler Hyperonie\" class=\"encyclopedia\">SPHV<\/a>)<br>\nf&uuml;r Kinder mit<br>\npulmonaler Hypertonie<br>\nCH &ndash; 8000 Z&uuml;rich<\/p>\n<p>webmaster@<a href=\"https:\/\/www.lungenhochdruck.ch\/fr\/glossar\/lungenhochdruck\/\" target=\"_blank\" title=\"Pulmonale Hypertonie\" class=\"encyclopedia\">lungenhochdruck<\/a>.ch<\/p>\n<p>Telefon: +41 (0)44 461 59 80<br>\nMobile: +41 (0)79 358 74 04<\/p>\n<\/div><\/div><\/div><\/div><\/div><div class=\"vc_col-sm-4 wpb_column vc_column_container\"><div class=\"vc_column-inner\"><div class=\"wpb_wrapper\"><div class=\"wpb_text_column\"><div class=\"wpb_wrapper\"><p>En faveur des adultes de <a href=\"https:\/\/www.lungenhochdruck.ch\/fr\/glossar\/sphv\/\" target=\"_blank\" title=\"Abk. f&uuml;r Schweizer Pulmonale Hypertonie Verein (SPHV) f&uuml;r Menschen mit pulmonaler Hyperonie\" class=\"encyclopedia\">SPHV<\/a><br>\n<strong>Schwyzer Kantonalbank<br>\n6431 Schwyz<\/strong><\/p>\n<p>IBAN CH17 0077 7005 3136 2149 2<br>\nSchweizer <a href=\"https:\/\/www.lungenhochdruck.ch\/fr\/glossar\/ph-verein\/\" target=\"_blank\" title=\"Schweizerische PH-Verein, f&uuml;r Menschen mit pulmonaler Hypertonie\" class=\"encyclopedia\">PH-Verein<\/a> (<a href=\"https:\/\/www.lungenhochdruck.ch\/fr\/glossar\/sphv\/\" target=\"_blank\" title=\"Abk. f&uuml;r Schweizer Pulmonale Hypertonie Verein (SPHV) f&uuml;r Menschen mit pulmonaler Hyperonie\" class=\"encyclopedia\">SPHV<\/a>)<br>\nf&uuml;r Menschen mit<br>\npulmonaler Hypertonie<br>\nCH &ndash; 8000 Z&uuml;rich<\/p>\n<p>webmaster@<a href=\"https:\/\/www.lungenhochdruck.ch\/fr\/glossar\/lungenhochdruck\/\" target=\"_blank\" title=\"Pulmonale Hypertonie\" class=\"encyclopedia\">lungenhochdruck<\/a>.ch<\/p>\n<p>Telefon: +41 (0)44 461 59 80<br>\nMobile: +41 (0)79 358 74 04<\/p>\n<\/div><\/div><div class=\"wpb_text_column\"><div class=\"wpb_wrapper\"><\/div><\/div><\/div><\/div><\/div><div class=\"vc_col-sm-4 wpb_column vc_column_container\"><div class=\"vc_column-inner\"><div class=\"wpb_wrapper\"><div class=\"wpb_text_column\"><div class=\"wpb_wrapper\"><p>En faveur de : &euro; compte<br>\n<strong>Schwyzer Kantonalbank<br>\n6431 Schwyz<\/strong><\/p>\n<p>IBAN CH14 0077 7005 3136 2756 0<br>\nSchweizer <a href=\"https:\/\/www.lungenhochdruck.ch\/fr\/glossar\/ph-verein\/\" target=\"_blank\" title=\"Schweizerische PH-Verein, f&uuml;r Menschen mit pulmonaler Hypertonie\" class=\"encyclopedia\">PH-Verein<\/a> (<a href=\"https:\/\/www.lungenhochdruck.ch\/fr\/glossar\/sphv\/\" target=\"_blank\" title=\"Abk. f&uuml;r Schweizer Pulmonale Hypertonie Verein (SPHV) f&uuml;r Menschen mit pulmonaler Hyperonie\" class=\"encyclopedia\">SPHV<\/a>)<br>\nf&uuml;r Menschen mit<br>\npulmonaler Hypertonie<br>\nCH &ndash; 8000 Z&uuml;rich<\/p>\n<p>webmaster@<a href=\"https:\/\/www.lungenhochdruck.ch\/fr\/glossar\/lungenhochdruck\/\" target=\"_blank\" title=\"Pulmonale Hypertonie\" class=\"encyclopedia\">lungenhochdruck<\/a>.ch<\/p>\n<p>Telefon: +41 (0)44 461 59 80<br>\nMobile: +41 (0)79 358 74 04<\/p>\n<\/div><\/div><\/div><\/div><\/div><\/div><\/div><\/section>\n","protected":false},"excerpt":{"rendered":"Les dons sont bienvenus. L\u2019Association suisse d\u2019HTP d\u00e9pend de votre soutien. Les sommes sont enti\u00e8rement (100\u00a0%) utilis\u00e9es en faveur des personnes affect\u00e9es. Chaque CHF donn\u00e9 nous aide. Aidez-nous \u00e0 mener...","protected":false},"author":22,"featured_media":0,"parent":14118,"menu_order":5,"comment_status":"closed","ping_status":"closed","template":"","meta":{"footnotes":""},"class_list":["post-16359","page","type-page","status-publish","hentry"],"yoast_head":"<!-- This site is optimized with the Yoast SEO plugin v27.4 - https:\/\/yoast.com\/product\/yoast-seo-wordpress\/ -->\n<title>Donner - Lungenhochdruck<\/title>\n<meta name=\"description\" content=\"Lungenhochdruck Donner\" \/>\n<meta name=\"robots\" content=\"index, follow, max-snippet:-1, max-image-preview:large, max-video-preview:-1\" \/>\n<link rel=\"canonical\" href=\"https:\/\/www.lungenhochdruck.ch\/fr\/contact\/spenden\/\" \/>\n<meta property=\"og:locale\" content=\"fr_FR\" \/>\n<meta property=\"og:type\" content=\"article\" \/>\n<meta property=\"og:title\" content=\"Donner - Lungenhochdruck\" \/>\n<meta property=\"og:description\" content=\"Lungenhochdruck Donner\" \/>\n<meta property=\"og:url\" content=\"https:\/\/www.lungenhochdruck.ch\/fr\/contact\/spenden\/\" \/>\n<meta property=\"og:site_name\" content=\"Lungenhochdruck\" \/>\n<meta property=\"article:publisher\" content=\"https:\/\/www.facebook.com\/Lungenhochdruck-Schweiz-111565582240897\/\" \/>\n<meta property=\"article:modified_time\" content=\"2024-02-09T16:39:39+00:00\" \/>\n<meta name=\"twitter:card\" content=\"summary_large_image\" \/>\n<meta name=\"twitter:label1\" content=\"Dur\u00e9e de lecture estim\u00e9e\" \/>\n\t<meta name=\"twitter:data1\" content=\"2 minutes\" \/>\n<script type=\"application\/ld+json\" class=\"yoast-schema-graph\">{\"@context\":\"https:\\\/\\\/schema.org\",\"@graph\":[{\"@type\":\"WebPage\",\"@id\":\"https:\\\/\\\/www.lungenhochdruck.ch\\\/fr\\\/contact\\\/spenden\\\/\",\"url\":\"https:\\\/\\\/www.lungenhochdruck.ch\\\/fr\\\/contact\\\/spenden\\\/\",\"name\":\"Donner - Lungenhochdruck\",\"isPartOf\":{\"@id\":\"https:\\\/\\\/www.lungenhochdruck.ch\\\/#website\"},\"datePublished\":\"2017-04-15T21:11:31+00:00\",\"dateModified\":\"2024-02-09T16:39:39+00:00\",\"description\":\"Lungenhochdruck Donner\",\"breadcrumb\":{\"@id\":\"https:\\\/\\\/www.lungenhochdruck.ch\\\/fr\\\/contact\\\/spenden\\\/#breadcrumb\"},\"inLanguage\":\"fr-FR\",\"potentialAction\":[{\"@type\":\"ReadAction\",\"target\":[\"https:\\\/\\\/www.lungenhochdruck.ch\\\/fr\\\/contact\\\/spenden\\\/\"]}]},{\"@type\":\"BreadcrumbList\",\"@id\":\"https:\\\/\\\/www.lungenhochdruck.ch\\\/fr\\\/contact\\\/spenden\\\/#breadcrumb\",\"itemListElement\":[{\"@type\":\"ListItem\",\"position\":1,\"name\":\"Startseite\",\"item\":\"https:\\\/\\\/www.lungenhochdruck.ch\\\/fr\\\/\"},{\"@type\":\"ListItem\",\"position\":2,\"name\":\"Contact\",\"item\":\"https:\\\/\\\/www.lungenhochdruck.ch\\\/fr\\\/contact\\\/\"},{\"@type\":\"ListItem\",\"position\":3,\"name\":\"Donner\"}]},{\"@type\":\"WebSite\",\"@id\":\"https:\\\/\\\/www.lungenhochdruck.ch\\\/#website\",\"url\":\"https:\\\/\\\/www.lungenhochdruck.ch\\\/\",\"name\":\"Lungenhochdruck\",\"description\":\"pulmonale arterielle Hypertonie\",\"publisher\":{\"@id\":\"https:\\\/\\\/www.lungenhochdruck.ch\\\/#organization\"},\"potentialAction\":[{\"@type\":\"SearchAction\",\"target\":{\"@type\":\"EntryPoint\",\"urlTemplate\":\"https:\\\/\\\/www.lungenhochdruck.ch\\\/?s={search_term_string}\"},\"query-input\":{\"@type\":\"PropertyValueSpecification\",\"valueRequired\":true,\"valueName\":\"search_term_string\"}}],\"inLanguage\":\"fr-FR\"},{\"@type\":\"Organization\",\"@id\":\"https:\\\/\\\/www.lungenhochdruck.ch\\\/#organization\",\"name\":\"SPHV\",\"url\":\"https:\\\/\\\/www.lungenhochdruck.ch\\\/\",\"logo\":{\"@type\":\"ImageObject\",\"inLanguage\":\"fr-FR\",\"@id\":\"https:\\\/\\\/www.lungenhochdruck.ch\\\/#\\\/schema\\\/logo\\\/image\\\/\",\"url\":\"https:\\\/\\\/www.lungenhochdruck.ch\\\/wp-content\\\/uploads\\\/2000\\\/Logo-m.png\",\"contentUrl\":\"https:\\\/\\\/www.lungenhochdruck.ch\\\/wp-content\\\/uploads\\\/2000\\\/Logo-m.png\",\"width\":147,\"height\":158,\"caption\":\"SPHV\"},\"image\":{\"@id\":\"https:\\\/\\\/www.lungenhochdruck.ch\\\/#\\\/schema\\\/logo\\\/image\\\/\"},\"sameAs\":[\"https:\\\/\\\/www.facebook.com\\\/Lungenhochdruck-Schweiz-111565582240897\\\/\",\"https:\\\/\\\/instagram.com\\\/schweizer_ph_verein\",\"https:\\\/\\\/www.youtube.com\\\/channel\\\/UCgvCafUdjwoMKAzzGiaPyoQ\"]}]}<\/script>\n<!-- \/ Yoast SEO plugin. -->","yoast_head_json":{"title":"Donner - Lungenhochdruck","description":"Lungenhochdruck Donner","robots":{"index":"index","follow":"follow","max-snippet":"max-snippet:-1","max-image-preview":"max-image-preview:large","max-video-preview":"max-video-preview:-1"},"canonical":"https:\/\/www.lungenhochdruck.ch\/fr\/contact\/spenden\/","og_locale":"fr_FR","og_type":"article","og_title":"Donner - Lungenhochdruck","og_description":"Lungenhochdruck Donner","og_url":"https:\/\/www.lungenhochdruck.ch\/fr\/contact\/spenden\/","og_site_name":"Lungenhochdruck","article_publisher":"https:\/\/www.facebook.com\/Lungenhochdruck-Schweiz-111565582240897\/","article_modified_time":"2024-02-09T16:39:39+00:00","twitter_card":"summary_large_image","twitter_misc":{"Dur\u00e9e de lecture estim\u00e9e":"2 minutes"},"schema":{"@context":"https:\/\/schema.org","@graph":[{"@type":"WebPage","@id":"https:\/\/www.lungenhochdruck.ch\/fr\/contact\/spenden\/","url":"https:\/\/www.lungenhochdruck.ch\/fr\/contact\/spenden\/","name":"Donner - Lungenhochdruck","isPartOf":{"@id":"https:\/\/www.lungenhochdruck.ch\/#website"},"datePublished":"2017-04-15T21:11:31+00:00","dateModified":"2024-02-09T16:39:39+00:00","description":"Lungenhochdruck Donner","breadcrumb":{"@id":"https:\/\/www.lungenhochdruck.ch\/fr\/contact\/spenden\/#breadcrumb"},"inLanguage":"fr-FR","potentialAction":[{"@type":"ReadAction","target":["https:\/\/www.lungenhochdruck.ch\/fr\/contact\/spenden\/"]}]},{"@type":"BreadcrumbList","@id":"https:\/\/www.lungenhochdruck.ch\/fr\/contact\/spenden\/#breadcrumb","itemListElement":[{"@type":"ListItem","position":1,"name":"Startseite","item":"https:\/\/www.lungenhochdruck.ch\/fr\/"},{"@type":"ListItem","position":2,"name":"Contact","item":"https:\/\/www.lungenhochdruck.ch\/fr\/contact\/"},{"@type":"ListItem","position":3,"name":"Donner"}]},{"@type":"WebSite","@id":"https:\/\/www.lungenhochdruck.ch\/#website","url":"https:\/\/www.lungenhochdruck.ch\/","name":"Lungenhochdruck","description":"pulmonale arterielle Hypertonie","publisher":{"@id":"https:\/\/www.lungenhochdruck.ch\/#organization"},"potentialAction":[{"@type":"SearchAction","target":{"@type":"EntryPoint","urlTemplate":"https:\/\/www.lungenhochdruck.ch\/?s={search_term_string}"},"query-input":{"@type":"PropertyValueSpecification","valueRequired":true,"valueName":"search_term_string"}}],"inLanguage":"fr-FR"},{"@type":"Organization","@id":"https:\/\/www.lungenhochdruck.ch\/#organization","name":"SPHV","url":"https:\/\/www.lungenhochdruck.ch\/","logo":{"@type":"ImageObject","inLanguage":"fr-FR","@id":"https:\/\/www.lungenhochdruck.ch\/#\/schema\/logo\/image\/","url":"https:\/\/www.lungenhochdruck.ch\/wp-content\/uploads\/2000\/Logo-m.png","contentUrl":"https:\/\/www.lungenhochdruck.ch\/wp-content\/uploads\/2000\/Logo-m.png","width":147,"height":158,"caption":"SPHV"},"image":{"@id":"https:\/\/www.lungenhochdruck.ch\/#\/schema\/logo\/image\/"},"sameAs":["https:\/\/www.facebook.com\/Lungenhochdruck-Schweiz-111565582240897\/","https:\/\/instagram.com\/schweizer_ph_verein","https:\/\/www.youtube.com\/channel\/UCgvCafUdjwoMKAzzGiaPyoQ"]}]}},"_links":{"self":[{"href":"https:\/\/www.lungenhochdruck.ch\/fr\/wp-json\/wp\/v2\/pages\/16359","targetHints":{"allow":["GET"]}}],"collection":[{"href":"https:\/\/www.lungenhochdruck.ch\/fr\/wp-json\/wp\/v2\/pages"}],"about":[{"href":"https:\/\/www.lungenhochdruck.ch\/fr\/wp-json\/wp\/v2\/types\/page"}],"author":[{"embeddable":true,"href":"https:\/\/www.lungenhochdruck.ch\/fr\/wp-json\/wp\/v2\/users\/22"}],"replies":[{"embeddable":true,"href":"https:\/\/www.lungenhochdruck.ch\/fr\/wp-json\/wp\/v2\/comments?post=16359"}],"version-history":[{"count":0,"href":"https:\/\/www.lungenhochdruck.ch\/fr\/wp-json\/wp\/v2\/pages\/16359\/revisions"}],"up":[{"embeddable":true,"href":"https:\/\/www.lungenhochdruck.ch\/fr\/wp-json\/wp\/v2\/pages\/14118"}],"wp:attachment":[{"href":"https:\/\/www.lungenhochdruck.ch\/fr\/wp-json\/wp\/v2\/media?parent=16359"}],"curies":[{"name":"wp","href":"https:\/\/api.w.org\/{rel}","templated":true}]}}