{"id":16377,"date":"2017-05-25T11:20:49","date_gmt":"2017-05-25T09:20:49","guid":{"rendered":"http:\/\/www.lungenhochdruck.ch\/ph\/kindermitph\/"},"modified":"2019-06-07T11:42:30","modified_gmt":"2019-06-07T09:42:30","slug":"kindermitph","status":"publish","type":"page","link":"https:\/\/www.lungenhochdruck.ch\/fr\/ph\/kindermitph\/","title":{"rendered":"Hypertension pulmonaire chez l\u2019enfant"},"content":{"rendered":"<section class=\"l-section wpb_row height_medium\"><div class=\"l-section-h i-cf\"><div class=\"g-cols vc_row via_flex valign_top type_default stacking_default\"><div class=\"vc_col-sm-12 wpb_column vc_column_container\"><div class=\"vc_column-inner\"><div class=\"wpb_wrapper\"><div class=\"wpb_text_column\"><div class=\"wpb_wrapper\"><p>Elle peut &ecirc;tre tr&egrave;s vari&eacute;e et se manifester &agrave; diff&eacute;rents &acirc;ges avec diff&eacute;rents degr&eacute;s de s&eacute;v&eacute;rit&eacute;. L&rsquo;&eacute;tablissement du diagnostic exact et la d&eacute;finition du traitement correspondant exigent une m&eacute;decine hautement sp&eacute;cialis&eacute;es et des connaissances tr&egrave;s bien fond&eacute;es.<\/p>\n<p>Chaque enfant a besoin d&rsquo;une forme de traitement adapt&eacute;e &agrave; son cas individuel et de contr&ocirc;les r&eacute;guliers dans un centre sp&eacute;cialis&eacute;.<\/p>\n<p>Nous vous encourageons &agrave; toujours vous adresser en toute confiance &agrave; votre m&eacute;decin traitant pour toutes vos questions, afin de pouvoir comprendre le mieux possible la maladie de votre enfant et &ecirc;tre ainsi en mesure de l&rsquo;aide de fa&ccedil;on optimale.<\/p>\n<p>La pr&eacute;sente brochure doit vous aider &agrave; mieux comprendre l&rsquo;hypertension pulmonaire (<a href=\"https:\/\/www.lungenhochdruck.ch\/fr\/glossar\/ph\/\">HTP<\/a>) chez l&rsquo;enfant. En m&ecirc;me temps, ce guide doit vous pr&eacute;senter clairement les processus fondamentaux et le contexte m&eacute;dical ainsi que les approches th&eacute;rapeutiques disponibles.<\/p>\n<p>Bien entendu, les informations fournies dans cette brochure ne peuvent en aucun cas remplacer l&rsquo;entretien avec le m&eacute;decin. Chaque enfant doit &ecirc;tre &eacute;valu&eacute; individuellement et le m&eacute;decin sp&eacute;cialiste traitant d&eacute;cide quelles sont les investigations n&eacute;cessaires et quel traitement votre enfant doit recevoir.<\/p>\n<\/div><\/div><\/div><\/div><\/div><\/div><\/div><\/section><section class=\"l-section wpb_row height_medium\"><div class=\"l-section-h i-cf\"><div class=\"g-cols vc_row via_flex valign_top type_default stacking_default\"><div class=\"vc_col-sm-12 wpb_column vc_column_container\"><div class=\"vc_column-inner\"><div class=\"wpb_wrapper\"><div class=\"w-tabs style_default switch_click accordion has_scrolling\" style=\"--sections-title-size:inherit\"><div class=\"w-tabs-sections titles-align_none icon_plus cpos_right\"><div class=\"w-tabs-section\" id=\"nfc8\"><button class=\"w-tabs-section-header\" aria-controls=\"content-nfc8\" aria-expanded=\"false\"><h3 class=\"w-tabs-section-title\">Quel est le traitement de l&rsquo;hypertension pulmonaire?<\/h3><div class=\"w-tabs-section-control\"><\/div><\/button><div class=\"w-tabs-section-content\" id=\"content-nfc8\"><div class=\"w-tabs-section-content-h i-cf\"><div class=\"wpb_text_column\"><div class=\"wpb_wrapper\"><p>Comme pour de nombreuses maladies chroniques, une gu&eacute;rison d&eacute;finitive de l&rsquo;hypertension pulmonaire n&rsquo;est pas encore possible aujourd&rsquo;hui. Beaucoup de sympt&ocirc;mes peuvent cependant &ecirc;tre trait&eacute;s efficacement. Le principal objectif du traitement &agrave; c&ocirc;t&eacute; de la baisse de tension dans les poumons est d&rsquo;atteindre un meilleur apport d&rsquo;oxyg&egrave;ne au corps. Cela permet d&rsquo;accro&icirc;tre la performance et la r&eacute;sistance physiques. La qualit&eacute; de vie du <a href=\"https:\/\/www.lungenhochdruck.ch\/fr\/glossar\/patienten\/\">patients<\/a> s&rsquo;am&eacute;liore et l&rsquo;esp&eacute;rance de vie peut &eacute;galement &ecirc;tre augment&eacute;e chez beaucoup de patients. La r&egrave;gle suivante s&rsquo;applique dans tous les cas: plus l&rsquo;hypertension pulmonaire est d&eacute;tect&eacute;e t&ocirc;t, plus le traitement pourra &ecirc;tre efficace et b&eacute;n&eacute;fique. Une fois que les vaisseaux sanguins ont subi une forte alt&eacute;ration et qu&rsquo;un surmenage permanent du c&oelig;ur droit s&rsquo;est d&eacute;velopp&eacute;, les chances de stabilisation de la maladie sont consid&eacute;rablement r&eacute;duites. L&rsquo;&eacute;volution de la maladie varie d&rsquo;une personne &agrave; l&rsquo;autre.<\/p>\n<p>Les options th&eacute;rapeutiques disponibles aujourd&rsquo;hui dans l&rsquo;hypertension pulmonaire sont propos&eacute;es par des cliniques sp&eacute;cialis&eacute;es. C&rsquo;est pourquoi votre enfant sera adress&eacute; &agrave; un tel centre au besoin.<\/p>\n<\/div><\/div><\/div><\/div><\/div><div class=\"w-tabs-section\" id=\"s147\"><button class=\"w-tabs-section-header\" aria-controls=\"content-s147\" aria-expanded=\"false\"><h3 class=\"w-tabs-section-title\">Contraception<\/h3><div class=\"w-tabs-section-control\"><\/div><\/button><div class=\"w-tabs-section-content\" id=\"content-s147\"><div class=\"w-tabs-section-content-h i-cf\"><div class=\"wpb_text_column\"><div class=\"wpb_wrapper\"><p>Les jeunes femmes atteintes d&rsquo;hypertension pulmonaire doivent absolument demander conseil &agrave; leur m&eacute;decin avant d&rsquo;envisager une grossesse. La grossesse peut avoir des complications circulatoires dangereuses &ndash; voire potentiellement mortelles &ndash; pour la m&egrave;re et pour l&rsquo;enfant. De plus, l&rsquo;apport r&eacute;duit d&rsquo;oxyg&egrave;ne &agrave; l&rsquo;ut&eacute;rus peut entra&icirc;ner des troubles du d&eacute;veloppement de l&rsquo;enfant &agrave; na&icirc;tre ou causer une fausse couche ou une naissance pr&eacute;matur&eacute;e de l&rsquo;enfant. Par cons&eacute;quent, les femmes doivent veiller &agrave; pratiquer une contraception fiable, surtout si elles sont atteintes d&rsquo;une forme s&eacute;v&egrave;re de la maladie. Votre m&eacute;decin sp&eacute;cialiste saura vous conseiller &eacute;galement dans ce domaine.<\/p>\n<\/div><\/div><\/div><\/div><\/div><div class=\"w-tabs-section\" id=\"a2da\"><button class=\"w-tabs-section-header\" aria-controls=\"content-a2da\" aria-expanded=\"false\"><h3 class=\"w-tabs-section-title\">&Agrave; qui s&rsquo;adresser lorsque le diagnostic est &eacute;tabli?<\/h3><div class=\"w-tabs-section-control\"><\/div><\/button><div class=\"w-tabs-section-content\" id=\"content-a2da\"><div class=\"w-tabs-section-content-h i-cf\"><div class=\"wpb_text_column\"><div class=\"wpb_wrapper\"><p>L&rsquo;exp&eacute;rience montre, aussi dans d&rsquo;autres maladies chroniques, que les maladies sont le mieux g&eacute;rables lorsqu&rsquo;elles sont accompagn&eacute;es d&rsquo;un &eacute;change avec d&rsquo;autres personnes affect&eacute;es.<\/p>\n<p>L&rsquo; aide et conseille les personnes atteintes d&rsquo;hypertension pulmonaire. Elle organise annuellement une r&eacute;union de patients pour des &eacute;changes de pens&eacute;es et d&rsquo;id&eacute;es et pour promouvoir une attitude de solidarit&eacute;. Elle effectue aussi un travail intensif de communication et d&rsquo;information pour &eacute;duquer le grand public sur l&rsquo;hypertension pulmonaire.<\/p>\n<\/div><\/div><\/div><\/div><\/div><\/div><\/div><\/div><\/div><\/div><\/div><\/div><\/section><section class=\"l-section wpb_row height_medium\"><div class=\"l-section-h i-cf\"><div class=\"g-cols vc_row via_flex valign_top type_default stacking_default\"><div class=\"vc_col-sm-12 wpb_column vc_column_container\"><div class=\"vc_column-inner\"><div class=\"wpb_wrapper\"><div class=\"w-image align_none\"><div class=\"w-image-h\"><img decoding=\"async\" width=\"600\" height=\"853\" src=\"https:\/\/www.lungenhochdruck.ch\/wp-content\/uploads\/2017\/04\/elternratgeber-600x853.jpg\" class=\"attachment-us_600_600_crop size-us_600_600_crop\" alt=\"\" loading=\"lazy\" srcset=\"https:\/\/www.lungenhochdruck.ch\/wp-content\/uploads\/2017\/04\/elternratgeber-600x853.jpg 600w, https:\/\/www.lungenhochdruck.ch\/wp-content\/uploads\/2017\/04\/elternratgeber-211x300.jpg 211w, https:\/\/www.lungenhochdruck.ch\/wp-content\/uploads\/2017\/04\/elternratgeber-768x1092.jpg 768w, https:\/\/www.lungenhochdruck.ch\/wp-content\/uploads\/2017\/04\/elternratgeber-720x1024.jpg 720w, https:\/\/www.lungenhochdruck.ch\/wp-content\/uploads\/2017\/04\/elternratgeber.jpg 1163w\" sizes=\"auto, (max-width: 600px) 100vw, 600px\"><\/div><\/div><\/div><\/div><\/div><\/div><\/div><\/section>\n","protected":false},"excerpt":{"rendered":"Elle peut \u00eatre tr\u00e8s vari\u00e9e et se manifester \u00e0 diff\u00e9rents \u00e2ges avec diff\u00e9rents degr\u00e9s de s\u00e9v\u00e9rit\u00e9. L\u2019\u00e9tablissement du diagnostic exact et la d\u00e9finition du traitement correspondant exigent une m\u00e9decine hautement...","protected":false},"author":22,"featured_media":0,"parent":16311,"menu_order":3,"comment_status":"closed","ping_status":"closed","template":"","meta":{"footnotes":""},"class_list":["post-16377","page","type-page","status-publish","hentry"],"yoast_head":"<!-- This site is optimized with the Yoast SEO plugin v27.4 - https:\/\/yoast.com\/product\/yoast-seo-wordpress\/ -->\n<title>Hypertension pulmonaire chez l\u2019enfant - Lungenhochdruck<\/title>\n<meta name=\"description\" content=\"Lungenhochdruck Hypertension pulmonaire chez l\u2019enfant\" \/>\n<meta name=\"robots\" content=\"index, follow, max-snippet:-1, max-image-preview:large, max-video-preview:-1\" \/>\n<link rel=\"canonical\" href=\"https:\/\/www.lungenhochdruck.ch\/fr\/ph\/kindermitph\/\" \/>\n<meta property=\"og:locale\" content=\"fr_FR\" \/>\n<meta property=\"og:type\" content=\"article\" \/>\n<meta property=\"og:title\" content=\"Hypertension pulmonaire chez l\u2019enfant - Lungenhochdruck\" \/>\n<meta property=\"og:description\" content=\"Lungenhochdruck Hypertension pulmonaire chez l\u2019enfant\" \/>\n<meta property=\"og:url\" content=\"https:\/\/www.lungenhochdruck.ch\/fr\/ph\/kindermitph\/\" \/>\n<meta property=\"og:site_name\" content=\"Lungenhochdruck\" \/>\n<meta property=\"article:publisher\" content=\"https:\/\/www.facebook.com\/Lungenhochdruck-Schweiz-111565582240897\/\" \/>\n<meta property=\"article:modified_time\" content=\"2019-06-07T09:42:30+00:00\" \/>\n<meta name=\"twitter:card\" content=\"summary_large_image\" \/>\n<meta name=\"twitter:label1\" content=\"Dur\u00e9e de lecture estim\u00e9e\" \/>\n\t<meta name=\"twitter:data1\" content=\"4 minutes\" \/>\n<script type=\"application\/ld+json\" class=\"yoast-schema-graph\">{\"@context\":\"https:\\\/\\\/schema.org\",\"@graph\":[{\"@type\":\"WebPage\",\"@id\":\"https:\\\/\\\/www.lungenhochdruck.ch\\\/fr\\\/ph\\\/kindermitph\\\/\",\"url\":\"https:\\\/\\\/www.lungenhochdruck.ch\\\/fr\\\/ph\\\/kindermitph\\\/\",\"name\":\"Hypertension pulmonaire chez l\u2019enfant - Lungenhochdruck\",\"isPartOf\":{\"@id\":\"https:\\\/\\\/www.lungenhochdruck.ch\\\/#website\"},\"datePublished\":\"2017-05-25T09:20:49+00:00\",\"dateModified\":\"2019-06-07T09:42:30+00:00\",\"description\":\"Lungenhochdruck Hypertension pulmonaire chez l\u2019enfant\",\"breadcrumb\":{\"@id\":\"https:\\\/\\\/www.lungenhochdruck.ch\\\/fr\\\/ph\\\/kindermitph\\\/#breadcrumb\"},\"inLanguage\":\"fr-FR\",\"potentialAction\":[{\"@type\":\"ReadAction\",\"target\":[\"https:\\\/\\\/www.lungenhochdruck.ch\\\/fr\\\/ph\\\/kindermitph\\\/\"]}]},{\"@type\":\"BreadcrumbList\",\"@id\":\"https:\\\/\\\/www.lungenhochdruck.ch\\\/fr\\\/ph\\\/kindermitph\\\/#breadcrumb\",\"itemListElement\":[{\"@type\":\"ListItem\",\"position\":1,\"name\":\"Startseite\",\"item\":\"https:\\\/\\\/www.lungenhochdruck.ch\\\/fr\\\/\"},{\"@type\":\"ListItem\",\"position\":2,\"name\":\"Pulmonale Hypertonie\",\"item\":\"https:\\\/\\\/www.lungenhochdruck.ch\\\/fr\\\/ph\\\/\"},{\"@type\":\"ListItem\",\"position\":3,\"name\":\"Hypertension pulmonaire chez l\u2019enfant\"}]},{\"@type\":\"WebSite\",\"@id\":\"https:\\\/\\\/www.lungenhochdruck.ch\\\/#website\",\"url\":\"https:\\\/\\\/www.lungenhochdruck.ch\\\/\",\"name\":\"Lungenhochdruck\",\"description\":\"pulmonale arterielle Hypertonie\",\"publisher\":{\"@id\":\"https:\\\/\\\/www.lungenhochdruck.ch\\\/#organization\"},\"potentialAction\":[{\"@type\":\"SearchAction\",\"target\":{\"@type\":\"EntryPoint\",\"urlTemplate\":\"https:\\\/\\\/www.lungenhochdruck.ch\\\/?s={search_term_string}\"},\"query-input\":{\"@type\":\"PropertyValueSpecification\",\"valueRequired\":true,\"valueName\":\"search_term_string\"}}],\"inLanguage\":\"fr-FR\"},{\"@type\":\"Organization\",\"@id\":\"https:\\\/\\\/www.lungenhochdruck.ch\\\/#organization\",\"name\":\"SPHV\",\"url\":\"https:\\\/\\\/www.lungenhochdruck.ch\\\/\",\"logo\":{\"@type\":\"ImageObject\",\"inLanguage\":\"fr-FR\",\"@id\":\"https:\\\/\\\/www.lungenhochdruck.ch\\\/#\\\/schema\\\/logo\\\/image\\\/\",\"url\":\"https:\\\/\\\/www.lungenhochdruck.ch\\\/wp-content\\\/uploads\\\/2000\\\/Logo-m.png\",\"contentUrl\":\"https:\\\/\\\/www.lungenhochdruck.ch\\\/wp-content\\\/uploads\\\/2000\\\/Logo-m.png\",\"width\":147,\"height\":158,\"caption\":\"SPHV\"},\"image\":{\"@id\":\"https:\\\/\\\/www.lungenhochdruck.ch\\\/#\\\/schema\\\/logo\\\/image\\\/\"},\"sameAs\":[\"https:\\\/\\\/www.facebook.com\\\/Lungenhochdruck-Schweiz-111565582240897\\\/\",\"https:\\\/\\\/instagram.com\\\/schweizer_ph_verein\",\"https:\\\/\\\/www.youtube.com\\\/channel\\\/UCgvCafUdjwoMKAzzGiaPyoQ\"]}]}<\/script>\n<!-- \/ Yoast SEO plugin. -->","yoast_head_json":{"title":"Hypertension pulmonaire chez l\u2019enfant - Lungenhochdruck","description":"Lungenhochdruck Hypertension pulmonaire chez l\u2019enfant","robots":{"index":"index","follow":"follow","max-snippet":"max-snippet:-1","max-image-preview":"max-image-preview:large","max-video-preview":"max-video-preview:-1"},"canonical":"https:\/\/www.lungenhochdruck.ch\/fr\/ph\/kindermitph\/","og_locale":"fr_FR","og_type":"article","og_title":"Hypertension pulmonaire chez l\u2019enfant - Lungenhochdruck","og_description":"Lungenhochdruck Hypertension pulmonaire chez l\u2019enfant","og_url":"https:\/\/www.lungenhochdruck.ch\/fr\/ph\/kindermitph\/","og_site_name":"Lungenhochdruck","article_publisher":"https:\/\/www.facebook.com\/Lungenhochdruck-Schweiz-111565582240897\/","article_modified_time":"2019-06-07T09:42:30+00:00","twitter_card":"summary_large_image","twitter_misc":{"Dur\u00e9e de lecture estim\u00e9e":"4 minutes"},"schema":{"@context":"https:\/\/schema.org","@graph":[{"@type":"WebPage","@id":"https:\/\/www.lungenhochdruck.ch\/fr\/ph\/kindermitph\/","url":"https:\/\/www.lungenhochdruck.ch\/fr\/ph\/kindermitph\/","name":"Hypertension pulmonaire chez l\u2019enfant - Lungenhochdruck","isPartOf":{"@id":"https:\/\/www.lungenhochdruck.ch\/#website"},"datePublished":"2017-05-25T09:20:49+00:00","dateModified":"2019-06-07T09:42:30+00:00","description":"Lungenhochdruck Hypertension pulmonaire chez l\u2019enfant","breadcrumb":{"@id":"https:\/\/www.lungenhochdruck.ch\/fr\/ph\/kindermitph\/#breadcrumb"},"inLanguage":"fr-FR","potentialAction":[{"@type":"ReadAction","target":["https:\/\/www.lungenhochdruck.ch\/fr\/ph\/kindermitph\/"]}]},{"@type":"BreadcrumbList","@id":"https:\/\/www.lungenhochdruck.ch\/fr\/ph\/kindermitph\/#breadcrumb","itemListElement":[{"@type":"ListItem","position":1,"name":"Startseite","item":"https:\/\/www.lungenhochdruck.ch\/fr\/"},{"@type":"ListItem","position":2,"name":"Pulmonale Hypertonie","item":"https:\/\/www.lungenhochdruck.ch\/fr\/ph\/"},{"@type":"ListItem","position":3,"name":"Hypertension pulmonaire chez l\u2019enfant"}]},{"@type":"WebSite","@id":"https:\/\/www.lungenhochdruck.ch\/#website","url":"https:\/\/www.lungenhochdruck.ch\/","name":"Lungenhochdruck","description":"pulmonale arterielle Hypertonie","publisher":{"@id":"https:\/\/www.lungenhochdruck.ch\/#organization"},"potentialAction":[{"@type":"SearchAction","target":{"@type":"EntryPoint","urlTemplate":"https:\/\/www.lungenhochdruck.ch\/?s={search_term_string}"},"query-input":{"@type":"PropertyValueSpecification","valueRequired":true,"valueName":"search_term_string"}}],"inLanguage":"fr-FR"},{"@type":"Organization","@id":"https:\/\/www.lungenhochdruck.ch\/#organization","name":"SPHV","url":"https:\/\/www.lungenhochdruck.ch\/","logo":{"@type":"ImageObject","inLanguage":"fr-FR","@id":"https:\/\/www.lungenhochdruck.ch\/#\/schema\/logo\/image\/","url":"https:\/\/www.lungenhochdruck.ch\/wp-content\/uploads\/2000\/Logo-m.png","contentUrl":"https:\/\/www.lungenhochdruck.ch\/wp-content\/uploads\/2000\/Logo-m.png","width":147,"height":158,"caption":"SPHV"},"image":{"@id":"https:\/\/www.lungenhochdruck.ch\/#\/schema\/logo\/image\/"},"sameAs":["https:\/\/www.facebook.com\/Lungenhochdruck-Schweiz-111565582240897\/","https:\/\/instagram.com\/schweizer_ph_verein","https:\/\/www.youtube.com\/channel\/UCgvCafUdjwoMKAzzGiaPyoQ"]}]}},"_links":{"self":[{"href":"https:\/\/www.lungenhochdruck.ch\/fr\/wp-json\/wp\/v2\/pages\/16377","targetHints":{"allow":["GET"]}}],"collection":[{"href":"https:\/\/www.lungenhochdruck.ch\/fr\/wp-json\/wp\/v2\/pages"}],"about":[{"href":"https:\/\/www.lungenhochdruck.ch\/fr\/wp-json\/wp\/v2\/types\/page"}],"author":[{"embeddable":true,"href":"https:\/\/www.lungenhochdruck.ch\/fr\/wp-json\/wp\/v2\/users\/22"}],"replies":[{"embeddable":true,"href":"https:\/\/www.lungenhochdruck.ch\/fr\/wp-json\/wp\/v2\/comments?post=16377"}],"version-history":[{"count":0,"href":"https:\/\/www.lungenhochdruck.ch\/fr\/wp-json\/wp\/v2\/pages\/16377\/revisions"}],"up":[{"embeddable":true,"href":"https:\/\/www.lungenhochdruck.ch\/fr\/wp-json\/wp\/v2\/pages\/16311"}],"wp:attachment":[{"href":"https:\/\/www.lungenhochdruck.ch\/fr\/wp-json\/wp\/v2\/media?parent=16377"}],"curies":[{"name":"wp","href":"https:\/\/api.w.org\/{rel}","templated":true}]}}