{"id":16417,"date":"2017-04-15T14:13:05","date_gmt":"2017-04-15T12:13:05","guid":{"rendered":"http:\/\/www.lungenhochdruck.ch\/ueber-uns\/mitgliedschaft\/"},"modified":"2024-02-12T17:04:47","modified_gmt":"2024-02-12T16:04:47","slug":"mitgliedschaft","status":"publish","type":"page","link":"https:\/\/www.lungenhochdruck.ch\/fr\/ueber-uns-3\/mitgliedschaft\/","title":{"rendered":"Adh\u00e9sion"},"content":{"rendered":"<section class=\"l-section wpb_row height_medium\"><div class=\"l-section-h i-cf\"><div class=\"g-cols vc_row via_flex valign_top type_default stacking_default\"><div class=\"vc_col-sm-12 wpb_column vc_column_container\"><div class=\"vc_column-inner\"><div class=\"wpb_wrapper\"><div class=\"wpb_text_column\"><div class=\"wpb_wrapper\"><p>N&rsquo;h&eacute;sitez pas &agrave; nous contacter si vous avez des questions au sujet de l&rsquo;adh&eacute;sion.<\/p>\n<p><a href=\"https:\/\/www.lungenhochdruck.ch\/fr\/glossar\/sphv\/\" target=\"_blank\" title=\"Abk. f&uuml;r Schweizer Pulmonale Hypertonie Verein (SPHV) f&uuml;r Menschen mit pulmonaler Hyperonie\" class=\"encyclopedia\">SPHV<\/a>-Briefanschrift:<br>\nSchweizer <a href=\"https:\/\/www.lungenhochdruck.ch\/fr\/glossar\/ph-verein\/\" target=\"_blank\" title=\"Schweizerische PH-Verein, f&uuml;r Menschen mit pulmonaler Hypertonie\" class=\"encyclopedia\">PH-Verein<\/a><br>\n8000 Z&uuml;rich<\/p>\n<p>E-Mail: <a href=\"mailto:admin@lugenhochdruck.ch\">admin@lungenhochdruck.ch<\/a><\/p>\n<\/div><\/div><\/div><\/div><\/div><\/div><\/div><\/section><section class=\"l-section wpb_row height_medium\"><div class=\"l-section-h i-cf\"><div class=\"g-cols vc_row via_flex valign_top type_default stacking_default\"><div class=\"vc_col-sm-6 wpb_column vc_column_container\"><div class=\"vc_column-inner\"><div class=\"wpb_wrapper\"><div class=\"wpb_text_column\"><div class=\"wpb_wrapper\"><p><strong>Adh&eacute;rent individuel:<\/strong><br>\nLes adh&eacute;rents individuels sont des personnes naturelles qui s&rsquo;engagent &agrave; soutenir les objectifs de l&rsquo;association. La cotisation annuelle est de 50,-&nbsp;CHF. En tant qu&rsquo;adh&eacute;rent, vous avez le droit de vote.<\/p>\n<\/div><\/div><\/div><\/div><\/div><div class=\"vc_col-sm-6 wpb_column vc_column_container\"><div class=\"vc_column-inner\"><div class=\"wpb_wrapper\"><div class=\"wpb_text_column\"><div class=\"wpb_wrapper\"><p><strong>Famille adh&eacute;rente:<br>\n<\/strong>Les familles, couples mari&eacute;s \/ partenaires vivant en m&eacute;nage commun peuvent devenir une famille adh&eacute;rente. La cotisation annuelle est de 70,-&nbsp;CHF. Une famille adh&eacute;rente a un droit de vote de deux voix.<\/p>\n<\/div><\/div><\/div><\/div><\/div><\/div><\/div><\/section><section class=\"l-section wpb_row height_medium\"><div class=\"l-section-h i-cf\"><div class=\"g-cols vc_row via_flex valign_top type_default stacking_default\"><div class=\"vc_col-sm-6 wpb_column vc_column_container\"><div class=\"vc_column-inner\"><div class=\"wpb_wrapper\"><div class=\"wpb_text_column\"><div class=\"wpb_wrapper\"><p><strong>Membre bienfaiteur:<br>\n<\/strong>Les membres bienfaiteurs sont des personnes naturelles ou juridiques, des entreprises ou des associations qui souhaitent apporter un soutien financier &agrave; l&rsquo;association. La cotisation annuelle est d&rsquo;au moins 70,-&nbsp;CH. Les membres bienfaiteurs n&rsquo;ont pas le droit de vote.<\/p>\n<\/div><\/div><\/div><\/div><\/div><div class=\"vc_col-sm-6 wpb_column vc_column_container\"><div class=\"vc_column-inner\"><div class=\"wpb_wrapper\"><div class=\"wpb_text_column\"><div class=\"wpb_wrapper\"><p><strong>Membre d&rsquo;honneur:<br>\n<\/strong>Le titre de membre d&rsquo;honneur peut &ecirc;tre accord&eacute; &agrave; des personnes qui ont rendu de grands services pour le d&eacute;veloppement de l&rsquo;association. Le titre est accord&eacute; par l&rsquo;assembl&eacute;e g&eacute;n&eacute;rale sur proposition du Comit&eacute;.<\/p>\n<\/div><\/div><\/div><\/div><\/div><\/div><\/div><\/section><section class=\"l-section wpb_row height_medium\"><div class=\"l-section-h i-cf\"><div class=\"g-cols vc_row via_flex valign_top type_default stacking_default\"><div class=\"vc_col-sm-12 wpb_column vc_column_container\"><div class=\"vc_column-inner\"><div class=\"wpb_wrapper\"><div class=\"wpb_text_column\"><div class=\"wpb_wrapper\"><p>D&eacute;claration d&rsquo;adh&eacute;sion: (formulaire d&rsquo;inscription en format PDF) remplir et imprimer le formulaire<\/p>\n<p><a href=\"https:\/\/lungenhochdruck.ch\/pdf\/mitglied.pdf\" target=\"_blank\" rel=\"noopener noreferrer\"><img loading=\"lazy\" decoding=\"async\" src=\"https:\/\/lungenhochdruck.ch\/wp-content\/uploads\/2017\/04\/acrobat.gif\" alt=\"\" width=\"17\" height=\"19\">&nbsp; <\/a><a href=\"https:\/\/lungenhochdruck.ch\/wp-content\/uploads\/2017\/04\/mitglied.pdf\" target=\"_blank\" rel=\"noopener\">Einzelmitgliedschaft (PDF-Datei \/ Formular)<\/a><\/p>\n<p><a href=\"https:\/\/lungenhochdruck.ch\/pdf\/goenner.pdf\" target=\"_blank\" rel=\"noopener noreferrer\"><img loading=\"lazy\" decoding=\"async\" src=\"https:\/\/lungenhochdruck.ch\/wp-content\/uploads\/2017\/04\/acrobat.gif\" alt=\"\" width=\"17\" height=\"19\"><\/a><a href=\"https:\/\/lungenhochdruck.ch\/wp-content\/uploads\/2017\/04\/goenner.pdf\" target=\"_blank\" rel=\"noopener\">&nbsp; G&ouml;nnermitgliedschaft (PDF-Datei \/ Formular)<\/a><\/p>\n<p><a href=\"https:\/\/lungenhochdruck.ch\/pdf\/statuten.pdf\" target=\"_blank\" rel=\"noopener noreferrer\"><img loading=\"lazy\" decoding=\"async\" src=\"https:\/\/lungenhochdruck.ch\/wp-content\/uploads\/2017\/04\/acrobat.gif\" alt=\"\" width=\"17\" height=\"19\"><\/a><a href=\"https:\/\/lungenhochdruck.ch\/wp-content\/uploads\/2017\/04\/statuten.pdf\" target=\"_blank\" rel=\"noopener\">&nbsp; Statuten (PDF-Datei)<\/a><\/p>\n<p>&laquo;Les adh&eacute;rents recrutent de nouveaux adh&eacute;rents&raquo; &ndash; convainquez vos connaissances, voisins ou amis qu&rsquo;une adh&eacute;sion &agrave; l&rsquo;HTP (ASHTP) est importante et utile. Plus le nombre de nos adh&eacute;rents sera &eacute;lev&eacute;, plus nous pourrons &ecirc;tre efficaces pour d&eacute;fendre vos int&eacute;r&ecirc;ts.<\/p>\n<\/div><\/div><\/div><\/div><\/div><\/div><\/div><\/section>\n","protected":false},"excerpt":{"rendered":"N\u2019h\u00e9sitez pas \u00e0 nous contacter si vous avez des questions au sujet de l\u2019adh\u00e9sion. SPHV-Briefanschrift: Schweizer PH-Verein 8000 Z\u00fcrich E-Mail: admin@lungenhochdruck.ch Adh\u00e9rent individuel: Les adh\u00e9rents individuels sont des personnes naturelles...","protected":false},"author":22,"featured_media":0,"parent":16411,"menu_order":8,"comment_status":"closed","ping_status":"closed","template":"","meta":{"footnotes":""},"class_list":["post-16417","page","type-page","status-publish","hentry"],"yoast_head":"<!-- This site is optimized with the Yoast SEO plugin v27.4 - https:\/\/yoast.com\/product\/yoast-seo-wordpress\/ -->\n<title>Adh\u00e9sion - Lungenhochdruck<\/title>\n<meta name=\"description\" content=\"Lungenhochdruck Adh\u00e9sion\" \/>\n<meta name=\"robots\" content=\"index, follow, max-snippet:-1, max-image-preview:large, max-video-preview:-1\" \/>\n<link rel=\"canonical\" href=\"https:\/\/www.lungenhochdruck.ch\/fr\/ueber-uns-3\/mitgliedschaft\/\" \/>\n<meta property=\"og:locale\" content=\"fr_FR\" \/>\n<meta property=\"og:type\" content=\"article\" \/>\n<meta property=\"og:title\" content=\"Adh\u00e9sion - Lungenhochdruck\" \/>\n<meta property=\"og:description\" content=\"Lungenhochdruck Adh\u00e9sion\" \/>\n<meta property=\"og:url\" content=\"https:\/\/www.lungenhochdruck.ch\/fr\/ueber-uns-3\/mitgliedschaft\/\" \/>\n<meta property=\"og:site_name\" content=\"Lungenhochdruck\" \/>\n<meta property=\"article:publisher\" content=\"https:\/\/www.facebook.com\/Lungenhochdruck-Schweiz-111565582240897\/\" \/>\n<meta property=\"article:modified_time\" content=\"2024-02-12T16:04:47+00:00\" \/>\n<meta property=\"og:image\" content=\"https:\/\/lungenhochdruck.ch\/wp-content\/uploads\/2017\/04\/acrobat.gif\" \/>\n<meta name=\"twitter:card\" content=\"summary_large_image\" \/>\n<meta name=\"twitter:label1\" content=\"Dur\u00e9e de lecture estim\u00e9e\" \/>\n\t<meta name=\"twitter:data1\" content=\"2 minutes\" \/>\n<script type=\"application\/ld+json\" class=\"yoast-schema-graph\">{\"@context\":\"https:\\\/\\\/schema.org\",\"@graph\":[{\"@type\":\"WebPage\",\"@id\":\"https:\\\/\\\/www.lungenhochdruck.ch\\\/fr\\\/ueber-uns-3\\\/mitgliedschaft\\\/\",\"url\":\"https:\\\/\\\/www.lungenhochdruck.ch\\\/fr\\\/ueber-uns-3\\\/mitgliedschaft\\\/\",\"name\":\"Adh\u00e9sion - Lungenhochdruck\",\"isPartOf\":{\"@id\":\"https:\\\/\\\/www.lungenhochdruck.ch\\\/#website\"},\"primaryImageOfPage\":{\"@id\":\"https:\\\/\\\/www.lungenhochdruck.ch\\\/fr\\\/ueber-uns-3\\\/mitgliedschaft\\\/#primaryimage\"},\"image\":{\"@id\":\"https:\\\/\\\/www.lungenhochdruck.ch\\\/fr\\\/ueber-uns-3\\\/mitgliedschaft\\\/#primaryimage\"},\"thumbnailUrl\":\"https:\\\/\\\/lungenhochdruck.ch\\\/wp-content\\\/uploads\\\/2017\\\/04\\\/acrobat.gif\",\"datePublished\":\"2017-04-15T12:13:05+00:00\",\"dateModified\":\"2024-02-12T16:04:47+00:00\",\"description\":\"Lungenhochdruck Adh\u00e9sion\",\"breadcrumb\":{\"@id\":\"https:\\\/\\\/www.lungenhochdruck.ch\\\/fr\\\/ueber-uns-3\\\/mitgliedschaft\\\/#breadcrumb\"},\"inLanguage\":\"fr-FR\",\"potentialAction\":[{\"@type\":\"ReadAction\",\"target\":[\"https:\\\/\\\/www.lungenhochdruck.ch\\\/fr\\\/ueber-uns-3\\\/mitgliedschaft\\\/\"]}]},{\"@type\":\"ImageObject\",\"inLanguage\":\"fr-FR\",\"@id\":\"https:\\\/\\\/www.lungenhochdruck.ch\\\/fr\\\/ueber-uns-3\\\/mitgliedschaft\\\/#primaryimage\",\"url\":\"https:\\\/\\\/lungenhochdruck.ch\\\/wp-content\\\/uploads\\\/2017\\\/04\\\/acrobat.gif\",\"contentUrl\":\"https:\\\/\\\/lungenhochdruck.ch\\\/wp-content\\\/uploads\\\/2017\\\/04\\\/acrobat.gif\"},{\"@type\":\"BreadcrumbList\",\"@id\":\"https:\\\/\\\/www.lungenhochdruck.ch\\\/fr\\\/ueber-uns-3\\\/mitgliedschaft\\\/#breadcrumb\",\"itemListElement\":[{\"@type\":\"ListItem\",\"position\":1,\"name\":\"Startseite\",\"item\":\"https:\\\/\\\/www.lungenhochdruck.ch\\\/fr\\\/\"},{\"@type\":\"ListItem\",\"position\":2,\"name\":\"De nous\",\"item\":\"https:\\\/\\\/www.lungenhochdruck.ch\\\/fr\\\/ueber-uns-3\\\/\"},{\"@type\":\"ListItem\",\"position\":3,\"name\":\"Adh\u00e9sion\"}]},{\"@type\":\"WebSite\",\"@id\":\"https:\\\/\\\/www.lungenhochdruck.ch\\\/#website\",\"url\":\"https:\\\/\\\/www.lungenhochdruck.ch\\\/\",\"name\":\"Lungenhochdruck\",\"description\":\"pulmonale arterielle Hypertonie\",\"publisher\":{\"@id\":\"https:\\\/\\\/www.lungenhochdruck.ch\\\/#organization\"},\"potentialAction\":[{\"@type\":\"SearchAction\",\"target\":{\"@type\":\"EntryPoint\",\"urlTemplate\":\"https:\\\/\\\/www.lungenhochdruck.ch\\\/?s={search_term_string}\"},\"query-input\":{\"@type\":\"PropertyValueSpecification\",\"valueRequired\":true,\"valueName\":\"search_term_string\"}}],\"inLanguage\":\"fr-FR\"},{\"@type\":\"Organization\",\"@id\":\"https:\\\/\\\/www.lungenhochdruck.ch\\\/#organization\",\"name\":\"SPHV\",\"url\":\"https:\\\/\\\/www.lungenhochdruck.ch\\\/\",\"logo\":{\"@type\":\"ImageObject\",\"inLanguage\":\"fr-FR\",\"@id\":\"https:\\\/\\\/www.lungenhochdruck.ch\\\/#\\\/schema\\\/logo\\\/image\\\/\",\"url\":\"https:\\\/\\\/www.lungenhochdruck.ch\\\/wp-content\\\/uploads\\\/2000\\\/Logo-m.png\",\"contentUrl\":\"https:\\\/\\\/www.lungenhochdruck.ch\\\/wp-content\\\/uploads\\\/2000\\\/Logo-m.png\",\"width\":147,\"height\":158,\"caption\":\"SPHV\"},\"image\":{\"@id\":\"https:\\\/\\\/www.lungenhochdruck.ch\\\/#\\\/schema\\\/logo\\\/image\\\/\"},\"sameAs\":[\"https:\\\/\\\/www.facebook.com\\\/Lungenhochdruck-Schweiz-111565582240897\\\/\",\"https:\\\/\\\/instagram.com\\\/schweizer_ph_verein\",\"https:\\\/\\\/www.youtube.com\\\/channel\\\/UCgvCafUdjwoMKAzzGiaPyoQ\"]}]}<\/script>\n<!-- \/ Yoast SEO plugin. -->","yoast_head_json":{"title":"Adh\u00e9sion - Lungenhochdruck","description":"Lungenhochdruck Adh\u00e9sion","robots":{"index":"index","follow":"follow","max-snippet":"max-snippet:-1","max-image-preview":"max-image-preview:large","max-video-preview":"max-video-preview:-1"},"canonical":"https:\/\/www.lungenhochdruck.ch\/fr\/ueber-uns-3\/mitgliedschaft\/","og_locale":"fr_FR","og_type":"article","og_title":"Adh\u00e9sion - Lungenhochdruck","og_description":"Lungenhochdruck Adh\u00e9sion","og_url":"https:\/\/www.lungenhochdruck.ch\/fr\/ueber-uns-3\/mitgliedschaft\/","og_site_name":"Lungenhochdruck","article_publisher":"https:\/\/www.facebook.com\/Lungenhochdruck-Schweiz-111565582240897\/","article_modified_time":"2024-02-12T16:04:47+00:00","og_image":[{"url":"https:\/\/lungenhochdruck.ch\/wp-content\/uploads\/2017\/04\/acrobat.gif","type":"","width":"","height":""}],"twitter_card":"summary_large_image","twitter_misc":{"Dur\u00e9e de lecture estim\u00e9e":"2 minutes"},"schema":{"@context":"https:\/\/schema.org","@graph":[{"@type":"WebPage","@id":"https:\/\/www.lungenhochdruck.ch\/fr\/ueber-uns-3\/mitgliedschaft\/","url":"https:\/\/www.lungenhochdruck.ch\/fr\/ueber-uns-3\/mitgliedschaft\/","name":"Adh\u00e9sion - Lungenhochdruck","isPartOf":{"@id":"https:\/\/www.lungenhochdruck.ch\/#website"},"primaryImageOfPage":{"@id":"https:\/\/www.lungenhochdruck.ch\/fr\/ueber-uns-3\/mitgliedschaft\/#primaryimage"},"image":{"@id":"https:\/\/www.lungenhochdruck.ch\/fr\/ueber-uns-3\/mitgliedschaft\/#primaryimage"},"thumbnailUrl":"https:\/\/lungenhochdruck.ch\/wp-content\/uploads\/2017\/04\/acrobat.gif","datePublished":"2017-04-15T12:13:05+00:00","dateModified":"2024-02-12T16:04:47+00:00","description":"Lungenhochdruck Adh\u00e9sion","breadcrumb":{"@id":"https:\/\/www.lungenhochdruck.ch\/fr\/ueber-uns-3\/mitgliedschaft\/#breadcrumb"},"inLanguage":"fr-FR","potentialAction":[{"@type":"ReadAction","target":["https:\/\/www.lungenhochdruck.ch\/fr\/ueber-uns-3\/mitgliedschaft\/"]}]},{"@type":"ImageObject","inLanguage":"fr-FR","@id":"https:\/\/www.lungenhochdruck.ch\/fr\/ueber-uns-3\/mitgliedschaft\/#primaryimage","url":"https:\/\/lungenhochdruck.ch\/wp-content\/uploads\/2017\/04\/acrobat.gif","contentUrl":"https:\/\/lungenhochdruck.ch\/wp-content\/uploads\/2017\/04\/acrobat.gif"},{"@type":"BreadcrumbList","@id":"https:\/\/www.lungenhochdruck.ch\/fr\/ueber-uns-3\/mitgliedschaft\/#breadcrumb","itemListElement":[{"@type":"ListItem","position":1,"name":"Startseite","item":"https:\/\/www.lungenhochdruck.ch\/fr\/"},{"@type":"ListItem","position":2,"name":"De nous","item":"https:\/\/www.lungenhochdruck.ch\/fr\/ueber-uns-3\/"},{"@type":"ListItem","position":3,"name":"Adh\u00e9sion"}]},{"@type":"WebSite","@id":"https:\/\/www.lungenhochdruck.ch\/#website","url":"https:\/\/www.lungenhochdruck.ch\/","name":"Lungenhochdruck","description":"pulmonale arterielle Hypertonie","publisher":{"@id":"https:\/\/www.lungenhochdruck.ch\/#organization"},"potentialAction":[{"@type":"SearchAction","target":{"@type":"EntryPoint","urlTemplate":"https:\/\/www.lungenhochdruck.ch\/?s={search_term_string}"},"query-input":{"@type":"PropertyValueSpecification","valueRequired":true,"valueName":"search_term_string"}}],"inLanguage":"fr-FR"},{"@type":"Organization","@id":"https:\/\/www.lungenhochdruck.ch\/#organization","name":"SPHV","url":"https:\/\/www.lungenhochdruck.ch\/","logo":{"@type":"ImageObject","inLanguage":"fr-FR","@id":"https:\/\/www.lungenhochdruck.ch\/#\/schema\/logo\/image\/","url":"https:\/\/www.lungenhochdruck.ch\/wp-content\/uploads\/2000\/Logo-m.png","contentUrl":"https:\/\/www.lungenhochdruck.ch\/wp-content\/uploads\/2000\/Logo-m.png","width":147,"height":158,"caption":"SPHV"},"image":{"@id":"https:\/\/www.lungenhochdruck.ch\/#\/schema\/logo\/image\/"},"sameAs":["https:\/\/www.facebook.com\/Lungenhochdruck-Schweiz-111565582240897\/","https:\/\/instagram.com\/schweizer_ph_verein","https:\/\/www.youtube.com\/channel\/UCgvCafUdjwoMKAzzGiaPyoQ"]}]}},"_links":{"self":[{"href":"https:\/\/www.lungenhochdruck.ch\/fr\/wp-json\/wp\/v2\/pages\/16417","targetHints":{"allow":["GET"]}}],"collection":[{"href":"https:\/\/www.lungenhochdruck.ch\/fr\/wp-json\/wp\/v2\/pages"}],"about":[{"href":"https:\/\/www.lungenhochdruck.ch\/fr\/wp-json\/wp\/v2\/types\/page"}],"author":[{"embeddable":true,"href":"https:\/\/www.lungenhochdruck.ch\/fr\/wp-json\/wp\/v2\/users\/22"}],"replies":[{"embeddable":true,"href":"https:\/\/www.lungenhochdruck.ch\/fr\/wp-json\/wp\/v2\/comments?post=16417"}],"version-history":[{"count":0,"href":"https:\/\/www.lungenhochdruck.ch\/fr\/wp-json\/wp\/v2\/pages\/16417\/revisions"}],"up":[{"embeddable":true,"href":"https:\/\/www.lungenhochdruck.ch\/fr\/wp-json\/wp\/v2\/pages\/16411"}],"wp:attachment":[{"href":"https:\/\/www.lungenhochdruck.ch\/fr\/wp-json\/wp\/v2\/media?parent=16417"}],"curies":[{"name":"wp","href":"https:\/\/api.w.org\/{rel}","templated":true}]}}