{"id":16437,"date":"2017-07-22T20:15:51","date_gmt":"2017-07-22T18:15:51","guid":{"rendered":"http:\/\/www.lungenhochdruck.ch\/useronline\/"},"modified":"2018-12-04T13:00:27","modified_gmt":"2018-12-04T12:00:27","slug":"useronline","status":"publish","type":"page","link":"https:\/\/www.lungenhochdruck.ch\/fr\/useronline\/","title":{"rendered":"membres en ligne"},"content":{"rendered":"<p><code><div id=\"useronline-details\"><p>Il y a un total de  <strong>56 Benutzer<\/strong> actuellement en ligne: <strong>0 Mitglieder<\/strong>, <strong>10 G\u00e4ste<\/strong> and <strong>46 Bots<\/strong>.<\/p><p>Le plus grand nombre d'utilisateurs en ligne a \u00e9t\u00e9 de <strong>1\u00a0283<\/strong>, le <strong>17 mars 2026 @ 9h32<\/strong><\/p><h2>10 G\u00e4ste Actuellement en ligne<\/h2><p><strong>#1 - Gast<\/strong>  le 17 avril 2026 @ 18h14<br\/>Lungenhochdruck &raquo; Lungenhochdruck | PH-Verein | Pulmonale Hypertonie [<a href=\"\/\">URL<\/a>] [<a href=\"https:\/\/www.staging.lungenhochdruck.ch\/\">R\u00e9f\u00e9rent<\/a>]<\/p>\n<p><strong>#2 - Gast<\/strong>  le 17 avril 2026 @ 18h05<br\/>LungenhochdruckVeranstaltungen f\u00fcr 12. November 2022 &#8211; Lungenhochdruck [<a href=\"\/Veranstaltungen\/2022-11-12\/\">URL<\/a>] [<a href=\"https:\/\/www.lungenhochdruck.ch\/\">R\u00e9f\u00e9rent<\/a>]<\/p>\n<p><strong>#3 - Gast<\/strong>  le 17 avril 2026 @ 17h58<br\/>Lungenhochdruck &raquo; 2. Regional - Treffen in Mulhouse - Lungenhochdruck [<a href=\"\/2-regional-treffen-in-mulhouse\/\">URL<\/a>] <\/p>\n<p><strong>#4 - Gast<\/strong>  le 17 avril 2026 @ 17h57<br\/>LungenhochdruckVeranstaltungen f\u00fcr 5. April 2025 &#8211; Lungenhochdruck [<a href=\"\/Veranstaltungen\/2025-04-05\/\">URL<\/a>] <\/p>\n<p><strong>#5 - Gast<\/strong>  le 17 avril 2026 @ 17h57<br\/>LungenhochdruckVeranstaltungen f\u00fcr 19. August 2023 &#8211; Lungenhochdruck [<a href=\"\/Veranstaltungen\/2023-08-19\/\">URL<\/a>] <\/p>\n<p><strong>#6 - Gast<\/strong>  le 17 avril 2026 @ 17h44<br\/>LungenhochdruckVeranstaltungen f\u00fcr 5. Februar 2026 &#8250; Generalversammlung &#8250;  &#8211; Lungenhochdruck [<a href=\"\/Veranstaltungen\/categoria\/generalversammlung\/Tag\/2026-02-05\/\">URL<\/a>] [<a href=\"https:\/\/www.lungenhochdruck.ch\/\">R\u00e9f\u00e9rent<\/a>]<\/p>\n<p><strong>#7 - Ospite<\/strong>  le 17 avril 2026 @ 17h24<br\/>LungenhochdruckEventi &#8211; Aprile 2023 &#8211; Lungenhochdruck [<a href=\"\/it\/eventi\/mese\/2023-04\/\">URL<\/a>] [<a href=\"https:\/\/staging.lungenhochdruck.ch\/\">R\u00e9f\u00e9rent<\/a>]<\/p>\n<p><strong>#8 - Gast<\/strong>  le 17 avril 2026 @ 16h52<br\/>LungenhochdruckVeranstaltungen f\u00fcr 31. August 2023 &#8250; Carausflug &#8250;  &#8211; Lungenhochdruck [<a href=\"\/Veranstaltungen\/categoria\/carausflug\/Tag\/2023-08-31\/\">URL<\/a>] [<a href=\"https:\/\/www.lungenhochdruck.ch\/\">R\u00e9f\u00e9rent<\/a>]<\/p>\n<p><strong>#9 - Gast<\/strong>  le 17 avril 2026 @ 16h43<br\/>Lungenhochdruck &raquo; 11. PH-Regionaltreffen in Bern - Lungenhochdruck [<a href=\"\/event\/11-ph-regionaltreffen-in-bern\/\">URL<\/a>] [<a href=\"https:\/\/staging.lungenhochdruck.ch\/\">R\u00e9f\u00e9rent<\/a>]<\/p>\n<p><strong>#10 - Gast<\/strong>  le 17 avril 2026 @ 16h32<br\/>LungenhochdruckVeranstaltungen f\u00fcr Mai 2023 &#8250; Carausflug &#8250;  &#8211; Lungenhochdruck [<a href=\"\/Veranstaltungen\/categoria\/carausflug\/2023-05\/\">URL<\/a>] [<a href=\"https:\/\/staging.lungenhochdruck.ch\/\">R\u00e9f\u00e9rent<\/a>]<\/p>\n<h2>46 Bots Actuellement en ligne<\/h2><p><strong>#1 - ClaudeBot<\/strong>  le 17 avril 2026 @ 18h45<br\/>Lungenhochdruck &raquo; Epoprostenol - Lungenhochdruck [<a href=\"\/fr\/glossar\/epoprostenol\/\">URL<\/a>] <\/p>\n<p><strong>#2 - Apple<\/strong>  le 17 avril 2026 @ 18h40<br\/>LungenhochdruckVeranstaltungen f\u00fcr 3. November 2024 &#8211; Lungenhochdruck [<a href=\"\/Veranstaltungen\/2024-11-03\/\">URL<\/a>] <\/p>\n<p><strong>#3 - Apple<\/strong>  le 17 avril 2026 @ 18h38<br\/>LungenhochdruckVeranstaltungen f\u00fcr 29. November 2023 &#8211; Lungenhochdruck [<a href=\"\/Veranstaltungen\/2023-11-29\/\">URL<\/a>] <\/p>\n<p><strong>#4 - Bing<\/strong>  le 17 avril 2026 @ 18h33<br\/>LungenhochdruckVeranstaltungen f\u00fcr Juni 2024 &#8211; Lungenhochdruck [<a href=\"\/Veranstaltungen\/Monat\/2024-06\/\">URL<\/a>] <\/p>\n<p><strong>#5 - Apple<\/strong>  le 17 avril 2026 @ 18h31<br\/>LungenhochdruckVeranstaltungen f\u00fcr 3. Juli 2023 &#8211; Lungenhochdruck [<a href=\"\/Veranstaltungen\/2023-07-03\/\">URL<\/a>] <\/p>\n<p><strong>#6 - Apple<\/strong>  le 17 avril 2026 @ 18h31<br\/>LungenhochdruckDu hast nach 0 gesucht - Page 13 sur 106 - Lungenhochdruck [<a href=\"\/fr\/page\/13\/?s=0\">URL<\/a>] <\/p>\n<p><strong>#7 - Bing<\/strong>  le 17 avril 2026 @ 18h23<br\/>LungenhochdruckVeranstaltungen f\u00fcr Juni 2025 &#8211; Lungenhochdruck [<a href=\"\/Veranstaltungen\/Monat\/2025-06\/\">URL<\/a>] <\/p>\n<p><strong>#8 - Bing<\/strong>  le 17 avril 2026 @ 18h11<br\/>Lungenhochdruck &raquo; 17. Familientreffen - Lungenhochdruck [<a href=\"\/event\/17-familientreffen\/\">URL<\/a>] <\/p>\n<p><strong>#9 - Bing<\/strong>  le 17 avril 2026 @ 18h10<br\/>Lungenhochdruck\u00c9v\u00e8nements le 21. janvier 2024 &#8211; Lungenhochdruck [<a href=\"\/fr\/%C3%A9v%C3%A8nements\/2024-01-21\/\">URL<\/a>] <\/p>\n<p><strong>#10 - Apple<\/strong>  le 17 avril 2026 @ 18h04<br\/>Lungenhochdruck\u00c9v\u00e8nements le 28. d\u00e9cembre 2022 &#8211; Lungenhochdruck [<a href=\"\/fr\/%C3%A9v%C3%A8nements\/2022-12-28\/\">URL<\/a>] <\/p>\n<p><strong>#11 - Apple<\/strong>  le 17 avril 2026 @ 18h04<br\/>LungenhochdruckDu hast nach 0 gesucht - Seite 22 von 178 - Lungenhochdruck [<a href=\"\/page\/22\/?lang=de&#038;s=0\">URL<\/a>] <\/p>\n<p><strong>#12 - Apple<\/strong>  le 17 avril 2026 @ 17h59<br\/>LungenhochdruckVeranstaltungen f\u00fcr 30. Mai 2024 &#8211; Lungenhochdruck [<a href=\"\/Veranstaltungen\/2024-05-30\/\">URL<\/a>] <\/p>\n<p><strong>#13 - Apple<\/strong>  le 17 avril 2026 @ 17h54<br\/>LungenhochdruckVeranstaltungen f\u00fcr 8. April 2024 &#8211; Lungenhochdruck [<a href=\"\/Veranstaltungen\/2024-04-08\/\">URL<\/a>] <\/p>\n<p><strong>#14 - Apple<\/strong>  le 17 avril 2026 @ 17h43<br\/>LungenhochdruckVeranstaltungen f\u00fcr 22. August 2023 &#8211; Lungenhochdruck [<a href=\"\/Veranstaltungen\/2023-08-22\/\">URL<\/a>] <\/p>\n<p><strong>#15 - Apple<\/strong>  le 17 avril 2026 @ 17h41<br\/>LungenhochdruckEventi &#8211; 16. Febbraio 2024 &#8211; Lungenhochdruck [<a href=\"\/it\/eventi\/2024-02-16\/\">URL<\/a>] <\/p>\n<p><strong>#16 - Bing<\/strong>  le 17 avril 2026 @ 17h41<br\/>LungenhochdruckDu hast nach gesucht - Seite 26 von 211 - Lungenhochdruck [<a href=\"\/page\/26\/?lang=de&#038;s\">URL<\/a>] <\/p>\n<p><strong>#17 - Bing<\/strong>  le 17 avril 2026 @ 17h40<br\/>Lungenhochdruck &raquo; PPH - Lungenhochdruck [<a href=\"\/glossar\/pph\/\">URL<\/a>] <\/p>\n<p><strong>#18 - Apple<\/strong>  le 17 avril 2026 @ 17h39<br\/>LungenhochdruckVeranstaltungen f\u00fcr 22. Juni 2023 &#8211; Lungenhochdruck [<a href=\"\/Veranstaltungen\/2023-06-22\/\">URL<\/a>] <\/p>\n<p><strong>#19 - Apple<\/strong>  le 17 avril 2026 @ 17h38<br\/>LungenhochdruckVeranstaltungen f\u00fcr 4. Mai 2023 &#8211; Lungenhochdruck [<a href=\"\/Veranstaltungen\/2023-05-04\/\">URL<\/a>] <\/p>\n<p><strong>#20 - Bing<\/strong>  le 17 avril 2026 @ 17h30<br\/>Lungenhochdruck &raquo; PH-Treffen in Frankfurt vom 21. - 23. Oktober 2022 - Lungenhochdruck [<a href=\"\/event\/ph-treffen-in-frankfurt-2022\/\">URL<\/a>] <\/p>\n<p><strong>#21 - Apple<\/strong>  le 17 avril 2026 @ 17h26<br\/>LungenhochdruckVeranstaltungen f\u00fcr 10. August 2023 &#8211; Lungenhochdruck [<a href=\"\/Veranstaltungen\/2023-08-10\/\">URL<\/a>] <\/p>\n<p><strong>#22 - Bing<\/strong>  le 17 avril 2026 @ 17h18<br\/>Lungenhochdruck &raquo; 6. April 2001 \/ (CH) 1. Patiententreffen - Lungenhochdruck [<a href=\"\/6-april-2001-ch-1-patiententreffen\/\">URL<\/a>] <\/p>\n<p><strong>#23 - Bing<\/strong>  le 17 avril 2026 @ 17h18<br\/>Lungenhochdruck &raquo; PH e.v. - Lungenhochdruck [<a href=\"\/glossar\/ph-e-v\/\">URL<\/a>] <\/p>\n<p><strong>#24 - Apple<\/strong>  le 17 avril 2026 @ 17h17<br\/>LungenhochdruckVeranstaltungen f\u00fcr 26. Februar 2026 &#8211; Lungenhochdruck [<a href=\"\/Veranstaltungen\/2026-02-26\/\">URL<\/a>] <\/p>\n<p><strong>#25 - Apple<\/strong>  le 17 avril 2026 @ 17h16<br\/>LungenhochdruckDu hast nach 2 gesucht - Seite 10 von 177 - Lungenhochdruck [<a href=\"\/page\/10\/?s=2\">URL<\/a>] <\/p>\n<p><strong>#26 - Apple<\/strong>  le 17 avril 2026 @ 17h13<br\/>LungenhochdruckEventi &#8211; 14. Maggio 2024 &#8211; Lungenhochdruck [<a href=\"\/it\/eventi\/2024-05-14\/\">URL<\/a>] <\/p>\n<p><strong>#27 - Apple<\/strong>  le 17 avril 2026 @ 17h10<br\/>LungenhochdruckEventi &#8211; 21. Settembre 2023 &#8211; Lungenhochdruck [<a href=\"\/it\/eventi\/2023-09-21\/\">URL<\/a>] <\/p>\n<p><strong>#28 - Bing<\/strong>  le 17 avril 2026 @ 17h09<br\/>Lungenhochdruck &raquo; CTEPH - Lungenhochdruck [<a href=\"\/glossar\/cteph-2\/\">URL<\/a>] <\/p>\n<p><strong>#29 - Apple<\/strong>  le 17 avril 2026 @ 17h08<br\/>LungenhochdruckDu hast nach 6 gesucht - Pagina 22 di 104 - Lungenhochdruck [<a href=\"\/it\/page\/22\/?s=6\">URL<\/a>] <\/p>\n<p><strong>#30 - Apple<\/strong>  le 17 avril 2026 @ 17h08<br\/>LungenhochdruckEventi &#8211; 12. Ottobre 2023 &#8211; Lungenhochdruck [<a href=\"\/it\/eventi\/2023-10-12\/\">URL<\/a>] <\/p>\n<p><strong>#31 - Bing<\/strong>  le 17 avril 2026 @ 17h05<br\/>Lungenhochdruck &raquo; Michael Kipp - Lungenhochdruck [<a href=\"\/michael-kipp\/\">URL<\/a>] <\/p>\n<p><strong>#32 - Apple<\/strong>  le 17 avril 2026 @ 16h57<br\/>LungenhochdruckVeranstaltungen f\u00fcr 27. M\u00e4rz 2025 &#8211; Lungenhochdruck [<a href=\"\/Veranstaltungen\/2025-03-27\/\">URL<\/a>] <\/p>\n<p><strong>#33 - Apple<\/strong>  le 17 avril 2026 @ 16h55<br\/>Lungenhochdruck\u00c9v\u00e8nements le 6. avril 2023 &#8250; Regionaltreffen &#8250;  &#8211; Lungenhochdruck [<a href=\"\/fr\/%c3%a9v%c3%a8nements\/categoria\/regionaltreffen-fr\/jour\/2023-04-06\/\">URL<\/a>] <\/p>\n<p><strong>#34 - Apple<\/strong>  le 17 avril 2026 @ 16h51<br\/>LungenhochdruckDu hast nach gesucht - Page 130 sur 135 - Lungenhochdruck [<a href=\"\/fr\/page\/130\/?lang=fr&#038;s\">URL<\/a>] <\/p>\n<p><strong>#35 - Apple<\/strong>  le 17 avril 2026 @ 16h48<br\/>LungenhochdruckSeite 3 &#8211; Lungenhochdruck [<a href=\"\/page\/3\/?eventDate=2004-02-06\">URL<\/a>] <\/p>\n<p><strong>#36 - Bing<\/strong>  le 17 avril 2026 @ 16h46<br\/>LungenhochdruckSeite 45 &#8211; Lungenhochdruck [<a href=\"\/page\/45\/?eventDate=2004-02-06\">URL<\/a>] <\/p>\n<p><strong>#37 - Apple<\/strong>  le 17 avril 2026 @ 16h42<br\/>LungenhochdruckDu hast nach 6 gesucht - Pagina 95 di 104 - Lungenhochdruck [<a href=\"\/it\/page\/95\/?s=6\">URL<\/a>] <\/p>\n<p><strong>#38 - Google<\/strong>  le 17 avril 2026 @ 16h40<br\/>Lungenhochdruck &raquo; PAH - Lungenhochdruck [<a href=\"\/glossar\/pah\/\">URL<\/a>] <\/p>\n<p><strong>#39 - Google<\/strong>  le 17 avril 2026 @ 16h38<br\/>LungenhochdruckEventi &#8211; 24. Dicembre 2023 &#8211; Lungenhochdruck [<a href=\"\/it\/eventi\/2023-12-24\/\">URL<\/a>] <\/p>\n<p><strong>#40 - Apple<\/strong>  le 17 avril 2026 @ 16h36<br\/>LungenhochdruckSeite 70 &#8211; Lungenhochdruck [<a href=\"\/page\/70\/?amp&#038;eventDate=1984-03-07\">URL<\/a>] <\/p>\n<p><strong>#41 - Apple<\/strong>  le 17 avril 2026 @ 16h35<br\/>LungenhochdruckDu hast nach 0 gesucht - Seite 7 von 178 - Lungenhochdruck [<a href=\"\/page\/7\/?s=0\">URL<\/a>] <\/p>\n<p><strong>#42 - Apple<\/strong>  le 17 avril 2026 @ 16h32<br\/>LungenhochdruckDu hast nach 2 gesucht - Seite 173 von 177 - Lungenhochdruck [<a href=\"\/page\/173\/?s=2\">URL<\/a>] <\/p>\n<p><strong>#43 - Apple<\/strong>  le 17 avril 2026 @ 16h28<br\/>LungenhochdruckDu hast nach gesucht - Page 9 sur 135 - Lungenhochdruck [<a href=\"\/fr\/page\/9\/?lang=fr&#038;s\">URL<\/a>] <\/p>\n<p><strong>#44 - Apple<\/strong>  le 17 avril 2026 @ 16h28<br\/>LungenhochdruckVeranstaltungen f\u00fcr 3. November 2025 &#8211; Lungenhochdruck [<a href=\"\/Veranstaltungen\/2025-11-03\/\">URL<\/a>] <\/p>\n<p><strong>#45 - Apple<\/strong>  le 17 avril 2026 @ 16h25<br\/>LungenhochdruckDu hast nach gesucht - Seite 77 von 211 - Lungenhochdruck [<a href=\"\/page\/77\/?lang=de&#038;s\">URL<\/a>] <\/p>\n<p><strong>#46 - Apple<\/strong>  le 17 avril 2026 @ 16h18<br\/>LungenhochdruckDu hast nach 6 gesucht - Page 96 sur 104 - Lungenhochdruck [<a href=\"\/fr\/page\/96\/?s=6\">URL<\/a>] <\/p>\n<\/div><\/code><\/p>\n","protected":false},"excerpt":{"rendered":"Il y a un total de 56 Benutzer actuellement en ligne: 0 Mitglieder, 10 G\u00e4ste and 46 Bots.Le plus grand nombre d'utilisateurs en ligne a \u00e9t\u00e9 de 1\u00a0283, le 17...","protected":false},"author":22,"featured_media":0,"parent":0,"menu_order":0,"comment_status":"closed","ping_status":"closed","template":"","meta":{"footnotes":""},"class_list":["post-16437","page","type-page","status-publish","hentry"],"yoast_head":"<!-- This site is optimized with the Yoast SEO plugin v27.4 - https:\/\/yoast.com\/product\/yoast-seo-wordpress\/ -->\n<title>membres en ligne - Lungenhochdruck<\/title>\n<meta name=\"description\" content=\"Lungenhochdruck membres en ligne\" \/>\n<meta name=\"robots\" content=\"index, follow, max-snippet:-1, max-image-preview:large, max-video-preview:-1\" \/>\n<link rel=\"canonical\" href=\"https:\/\/www.lungenhochdruck.ch\/fr\/useronline\/\" \/>\n<meta property=\"og:locale\" content=\"fr_FR\" \/>\n<meta property=\"og:type\" content=\"article\" \/>\n<meta property=\"og:title\" content=\"membres en ligne - Lungenhochdruck\" \/>\n<meta property=\"og:description\" content=\"Lungenhochdruck membres en ligne\" \/>\n<meta property=\"og:url\" content=\"https:\/\/www.lungenhochdruck.ch\/fr\/useronline\/\" \/>\n<meta property=\"og:site_name\" content=\"Lungenhochdruck\" \/>\n<meta property=\"article:publisher\" content=\"https:\/\/www.facebook.com\/Lungenhochdruck-Schweiz-111565582240897\/\" \/>\n<meta property=\"article:modified_time\" content=\"2018-12-04T12:00:27+00:00\" \/>\n<meta name=\"twitter:card\" content=\"summary_large_image\" \/>\n<script type=\"application\/ld+json\" class=\"yoast-schema-graph\">{\"@context\":\"https:\\\/\\\/schema.org\",\"@graph\":[{\"@type\":\"WebPage\",\"@id\":\"https:\\\/\\\/www.lungenhochdruck.ch\\\/fr\\\/useronline\\\/\",\"url\":\"https:\\\/\\\/www.lungenhochdruck.ch\\\/fr\\\/useronline\\\/\",\"name\":\"membres en ligne - Lungenhochdruck\",\"isPartOf\":{\"@id\":\"https:\\\/\\\/www.lungenhochdruck.ch\\\/#website\"},\"datePublished\":\"2017-07-22T18:15:51+00:00\",\"dateModified\":\"2018-12-04T12:00:27+00:00\",\"description\":\"Lungenhochdruck membres en ligne\",\"breadcrumb\":{\"@id\":\"https:\\\/\\\/www.lungenhochdruck.ch\\\/fr\\\/useronline\\\/#breadcrumb\"},\"inLanguage\":\"fr-FR\",\"potentialAction\":[{\"@type\":\"ReadAction\",\"target\":[\"https:\\\/\\\/www.lungenhochdruck.ch\\\/fr\\\/useronline\\\/\"]}]},{\"@type\":\"BreadcrumbList\",\"@id\":\"https:\\\/\\\/www.lungenhochdruck.ch\\\/fr\\\/useronline\\\/#breadcrumb\",\"itemListElement\":[{\"@type\":\"ListItem\",\"position\":1,\"name\":\"Startseite\",\"item\":\"https:\\\/\\\/www.lungenhochdruck.ch\\\/fr\\\/\"},{\"@type\":\"ListItem\",\"position\":2,\"name\":\"membres en ligne\"}]},{\"@type\":\"WebSite\",\"@id\":\"https:\\\/\\\/www.lungenhochdruck.ch\\\/#website\",\"url\":\"https:\\\/\\\/www.lungenhochdruck.ch\\\/\",\"name\":\"Lungenhochdruck\",\"description\":\"pulmonale arterielle Hypertonie\",\"publisher\":{\"@id\":\"https:\\\/\\\/www.lungenhochdruck.ch\\\/#organization\"},\"potentialAction\":[{\"@type\":\"SearchAction\",\"target\":{\"@type\":\"EntryPoint\",\"urlTemplate\":\"https:\\\/\\\/www.lungenhochdruck.ch\\\/?s={search_term_string}\"},\"query-input\":{\"@type\":\"PropertyValueSpecification\",\"valueRequired\":true,\"valueName\":\"search_term_string\"}}],\"inLanguage\":\"fr-FR\"},{\"@type\":\"Organization\",\"@id\":\"https:\\\/\\\/www.lungenhochdruck.ch\\\/#organization\",\"name\":\"SPHV\",\"url\":\"https:\\\/\\\/www.lungenhochdruck.ch\\\/\",\"logo\":{\"@type\":\"ImageObject\",\"inLanguage\":\"fr-FR\",\"@id\":\"https:\\\/\\\/www.lungenhochdruck.ch\\\/#\\\/schema\\\/logo\\\/image\\\/\",\"url\":\"https:\\\/\\\/www.lungenhochdruck.ch\\\/wp-content\\\/uploads\\\/2000\\\/Logo-m.png\",\"contentUrl\":\"https:\\\/\\\/www.lungenhochdruck.ch\\\/wp-content\\\/uploads\\\/2000\\\/Logo-m.png\",\"width\":147,\"height\":158,\"caption\":\"SPHV\"},\"image\":{\"@id\":\"https:\\\/\\\/www.lungenhochdruck.ch\\\/#\\\/schema\\\/logo\\\/image\\\/\"},\"sameAs\":[\"https:\\\/\\\/www.facebook.com\\\/Lungenhochdruck-Schweiz-111565582240897\\\/\",\"https:\\\/\\\/instagram.com\\\/schweizer_ph_verein\",\"https:\\\/\\\/www.youtube.com\\\/channel\\\/UCgvCafUdjwoMKAzzGiaPyoQ\"]}]}<\/script>\n<!-- \/ Yoast SEO plugin. -->","yoast_head_json":{"title":"membres en ligne - Lungenhochdruck","description":"Lungenhochdruck membres en ligne","robots":{"index":"index","follow":"follow","max-snippet":"max-snippet:-1","max-image-preview":"max-image-preview:large","max-video-preview":"max-video-preview:-1"},"canonical":"https:\/\/www.lungenhochdruck.ch\/fr\/useronline\/","og_locale":"fr_FR","og_type":"article","og_title":"membres en ligne - Lungenhochdruck","og_description":"Lungenhochdruck membres en ligne","og_url":"https:\/\/www.lungenhochdruck.ch\/fr\/useronline\/","og_site_name":"Lungenhochdruck","article_publisher":"https:\/\/www.facebook.com\/Lungenhochdruck-Schweiz-111565582240897\/","article_modified_time":"2018-12-04T12:00:27+00:00","twitter_card":"summary_large_image","schema":{"@context":"https:\/\/schema.org","@graph":[{"@type":"WebPage","@id":"https:\/\/www.lungenhochdruck.ch\/fr\/useronline\/","url":"https:\/\/www.lungenhochdruck.ch\/fr\/useronline\/","name":"membres en ligne - Lungenhochdruck","isPartOf":{"@id":"https:\/\/www.lungenhochdruck.ch\/#website"},"datePublished":"2017-07-22T18:15:51+00:00","dateModified":"2018-12-04T12:00:27+00:00","description":"Lungenhochdruck membres en ligne","breadcrumb":{"@id":"https:\/\/www.lungenhochdruck.ch\/fr\/useronline\/#breadcrumb"},"inLanguage":"fr-FR","potentialAction":[{"@type":"ReadAction","target":["https:\/\/www.lungenhochdruck.ch\/fr\/useronline\/"]}]},{"@type":"BreadcrumbList","@id":"https:\/\/www.lungenhochdruck.ch\/fr\/useronline\/#breadcrumb","itemListElement":[{"@type":"ListItem","position":1,"name":"Startseite","item":"https:\/\/www.lungenhochdruck.ch\/fr\/"},{"@type":"ListItem","position":2,"name":"membres en ligne"}]},{"@type":"WebSite","@id":"https:\/\/www.lungenhochdruck.ch\/#website","url":"https:\/\/www.lungenhochdruck.ch\/","name":"Lungenhochdruck","description":"pulmonale arterielle Hypertonie","publisher":{"@id":"https:\/\/www.lungenhochdruck.ch\/#organization"},"potentialAction":[{"@type":"SearchAction","target":{"@type":"EntryPoint","urlTemplate":"https:\/\/www.lungenhochdruck.ch\/?s={search_term_string}"},"query-input":{"@type":"PropertyValueSpecification","valueRequired":true,"valueName":"search_term_string"}}],"inLanguage":"fr-FR"},{"@type":"Organization","@id":"https:\/\/www.lungenhochdruck.ch\/#organization","name":"SPHV","url":"https:\/\/www.lungenhochdruck.ch\/","logo":{"@type":"ImageObject","inLanguage":"fr-FR","@id":"https:\/\/www.lungenhochdruck.ch\/#\/schema\/logo\/image\/","url":"https:\/\/www.lungenhochdruck.ch\/wp-content\/uploads\/2000\/Logo-m.png","contentUrl":"https:\/\/www.lungenhochdruck.ch\/wp-content\/uploads\/2000\/Logo-m.png","width":147,"height":158,"caption":"SPHV"},"image":{"@id":"https:\/\/www.lungenhochdruck.ch\/#\/schema\/logo\/image\/"},"sameAs":["https:\/\/www.facebook.com\/Lungenhochdruck-Schweiz-111565582240897\/","https:\/\/instagram.com\/schweizer_ph_verein","https:\/\/www.youtube.com\/channel\/UCgvCafUdjwoMKAzzGiaPyoQ"]}]}},"_links":{"self":[{"href":"https:\/\/www.lungenhochdruck.ch\/fr\/wp-json\/wp\/v2\/pages\/16437","targetHints":{"allow":["GET"]}}],"collection":[{"href":"https:\/\/www.lungenhochdruck.ch\/fr\/wp-json\/wp\/v2\/pages"}],"about":[{"href":"https:\/\/www.lungenhochdruck.ch\/fr\/wp-json\/wp\/v2\/types\/page"}],"author":[{"embeddable":true,"href":"https:\/\/www.lungenhochdruck.ch\/fr\/wp-json\/wp\/v2\/users\/22"}],"replies":[{"embeddable":true,"href":"https:\/\/www.lungenhochdruck.ch\/fr\/wp-json\/wp\/v2\/comments?post=16437"}],"version-history":[{"count":0,"href":"https:\/\/www.lungenhochdruck.ch\/fr\/wp-json\/wp\/v2\/pages\/16437\/revisions"}],"wp:attachment":[{"href":"https:\/\/www.lungenhochdruck.ch\/fr\/wp-json\/wp\/v2\/media?parent=16437"}],"curies":[{"name":"wp","href":"https:\/\/api.w.org\/{rel}","templated":true}]}}