{"id":16438,"date":"2017-07-22T20:15:51","date_gmt":"2017-07-22T18:15:51","guid":{"rendered":"http:\/\/www.lungenhochdruck.ch\/useronline\/"},"modified":"2018-09-05T07:55:10","modified_gmt":"2018-09-05T05:55:10","slug":"useronline","status":"publish","type":"page","link":"https:\/\/www.lungenhochdruck.ch\/it\/useronline\/","title":{"rendered":"membri online"},"content":{"rendered":"<p><code><div id=\"useronline-details\"><p>Ci sono <strong>52 Benutzer<\/strong> in linea adesso: <strong>0 Mitglieder<\/strong>, <strong>8 G\u00e4ste<\/strong> e <strong>44 Bots<\/strong>.<\/p><p>Il maggior numero di utenti in linea sono <strong>1.283<\/strong>, il <strong>17 Marzo 2026 @ 9:32<\/strong><\/p><h2>8 G\u00e4ste In linea adesso<\/h2><p><strong>#1 - Gast<\/strong>  il 17 Aprile 2026 @ 16:52<br\/>LungenhochdruckVeranstaltungen f\u00fcr 31. August 2023 &#8250; Carausflug &#8250;  &#8211; Lungenhochdruck [<a href=\"\/Veranstaltungen\/categoria\/carausflug\/Tag\/2023-08-31\/\">url<\/a>] [<a href=\"https:\/\/www.lungenhochdruck.ch\/\">riferimento<\/a>]<\/p>\n<p><strong>#2 - Gast<\/strong>  il 17 Aprile 2026 @ 16:43<br\/>Lungenhochdruck &raquo; 11. PH-Regionaltreffen in Bern - Lungenhochdruck [<a href=\"\/event\/11-ph-regionaltreffen-in-bern\/\">url<\/a>] [<a href=\"https:\/\/staging.lungenhochdruck.ch\/\">riferimento<\/a>]<\/p>\n<p><strong>#3 - Gast<\/strong>  il 17 Aprile 2026 @ 16:32<br\/>LungenhochdruckVeranstaltungen f\u00fcr Mai 2023 &#8250; Carausflug &#8250;  &#8211; Lungenhochdruck [<a href=\"\/Veranstaltungen\/categoria\/carausflug\/2023-05\/\">url<\/a>] [<a href=\"https:\/\/staging.lungenhochdruck.ch\/\">riferimento<\/a>]<\/p>\n<p><strong>#4 - Gast<\/strong>  il 17 Aprile 2026 @ 15:07<br\/>Lungenhochdruck &raquo; Echokardiographie deckt pulmonale Hypertonie fr\u00fch auf. - Lungenhochdruck [<a href=\"\/echokardiographie-deckt-pulmonale-hypertonie-frueh-auf\/\">url<\/a>] [<a href=\"https:\/\/www.lungenhochdruck.ch\/echokardiographie-deckt-pulmonale-hypertonie-frueh-auf\">riferimento<\/a>]<\/p>\n<p><strong>#5 - Gast<\/strong>  il 17 Aprile 2026 @ 15:03<br\/>LungenhochdruckVeranstaltungen f\u00fcr 5. August 2024 &#8250; Carausflug &#8250;  &#8211; Lungenhochdruck [<a href=\"\/Veranstaltungen\/categoria\/carausflug\/Tag\/2024-08-05\/\">url<\/a>] [<a href=\"https:\/\/www.lungenhochdruck.ch\/\">riferimento<\/a>]<\/p>\n<p><strong>#6 - Gast<\/strong>  il 17 Aprile 2026 @ 14:53<br\/>LungenhochdruckVeranstaltungen f\u00fcr 3. M\u00e4rz 2024 &#8250; Carausflug &#8250;  &#8211; Lungenhochdruck [<a href=\"\/Veranstaltungen\/categoria\/carausflug\/Tag\/2024-03-03\/\">url<\/a>] [<a href=\"https:\/\/www.lungenhochdruck.ch\/\">riferimento<\/a>]<\/p>\n<p><strong>#7 - Gast<\/strong>  il 17 Aprile 2026 @ 14:45<br\/>Lungenhochdruck &raquo; Wie Nahrungsmittel auf Medikamente wirken - Lungenhochdruck [<a href=\"\/wie-nahrungsmittel-auf-medikamente-wirken\/\">url<\/a>] [<a href=\"https:\/\/www.lungenhochdruck.ch\/wie-nahrungsmittel-auf-medikamente-wirken\">riferimento<\/a>]<\/p>\n<p><strong>#8 - Gast<\/strong>  il 17 Aprile 2026 @ 14:38<br\/>LungenhochdruckVeranstaltungen f\u00fcr Oktober 2025 &#8250; PH-Treffen Deutschland &#8250;  &#8211; Lungenhochdruck [<a href=\"\/Veranstaltungen\/categoria\/ph-treffen-deutschland\/2025-10\/\">url<\/a>] <\/p>\n<h2>44 Bots In linea adesso<\/h2><p><strong>#1 - ClaudeBot<\/strong>  il 17 Aprile 2026 @ 17:01<br\/>Lungenhochdruck &raquo; Schluckecho - Lungenhochdruck [<a href=\"\/it\/glossar\/schluckecho\/\">url<\/a>] <\/p>\n<p><strong>#2 - Apple<\/strong>  il 17 Aprile 2026 @ 16:57<br\/>LungenhochdruckVeranstaltungen f\u00fcr 27. M\u00e4rz 2025 &#8211; Lungenhochdruck [<a href=\"\/Veranstaltungen\/2025-03-27\/\">url<\/a>] <\/p>\n<p><strong>#3 - Apple<\/strong>  il 17 Aprile 2026 @ 16:55<br\/>Lungenhochdruck\u00c9v\u00e8nements le 6. avril 2023 &#8250; Regionaltreffen &#8250;  &#8211; Lungenhochdruck [<a href=\"\/fr\/%c3%a9v%c3%a8nements\/categoria\/regionaltreffen-fr\/jour\/2023-04-06\/\">url<\/a>] <\/p>\n<p><strong>#4 - Apple<\/strong>  il 17 Aprile 2026 @ 16:51<br\/>LungenhochdruckDu hast nach gesucht - Page 130 sur 135 - Lungenhochdruck [<a href=\"\/fr\/page\/130\/?lang=fr&#038;s\">url<\/a>] <\/p>\n<p><strong>#5 - Apple<\/strong>  il 17 Aprile 2026 @ 16:48<br\/>LungenhochdruckSeite 3 &#8211; Lungenhochdruck [<a href=\"\/page\/3\/?eventDate=2004-02-06\">url<\/a>] <\/p>\n<p><strong>#6 - Bing<\/strong>  il 17 Aprile 2026 @ 16:46<br\/>LungenhochdruckSeite 45 &#8211; Lungenhochdruck [<a href=\"\/page\/45\/?eventDate=2004-02-06\">url<\/a>] <\/p>\n<p><strong>#7 - Apple<\/strong>  il 17 Aprile 2026 @ 16:42<br\/>LungenhochdruckDu hast nach 6 gesucht - Pagina 95 di 104 - Lungenhochdruck [<a href=\"\/it\/page\/95\/?s=6\">url<\/a>] <\/p>\n<p><strong>#8 - Google<\/strong>  il 17 Aprile 2026 @ 16:40<br\/>Lungenhochdruck &raquo; PAH - Lungenhochdruck [<a href=\"\/glossar\/pah\/\">url<\/a>] <\/p>\n<p><strong>#9 - Google<\/strong>  il 17 Aprile 2026 @ 16:38<br\/>LungenhochdruckEventi &#8211; 24. Dicembre 2023 &#8211; Lungenhochdruck [<a href=\"\/it\/eventi\/2023-12-24\/\">url<\/a>] <\/p>\n<p><strong>#10 - Apple<\/strong>  il 17 Aprile 2026 @ 16:36<br\/>LungenhochdruckSeite 70 &#8211; Lungenhochdruck [<a href=\"\/page\/70\/?amp&#038;eventDate=1984-03-07\">url<\/a>] <\/p>\n<p><strong>#11 - Apple<\/strong>  il 17 Aprile 2026 @ 16:35<br\/>LungenhochdruckDu hast nach 0 gesucht - Seite 7 von 178 - Lungenhochdruck [<a href=\"\/page\/7\/?s=0\">url<\/a>] <\/p>\n<p><strong>#12 - Apple<\/strong>  il 17 Aprile 2026 @ 16:32<br\/>LungenhochdruckDu hast nach 2 gesucht - Seite 173 von 177 - Lungenhochdruck [<a href=\"\/page\/173\/?s=2\">url<\/a>] <\/p>\n<p><strong>#13 - Apple<\/strong>  il 17 Aprile 2026 @ 16:28<br\/>LungenhochdruckDu hast nach gesucht - Page 9 sur 135 - Lungenhochdruck [<a href=\"\/fr\/page\/9\/?lang=fr&#038;s\">url<\/a>] <\/p>\n<p><strong>#14 - Apple<\/strong>  il 17 Aprile 2026 @ 16:28<br\/>LungenhochdruckVeranstaltungen f\u00fcr 3. November 2025 &#8211; Lungenhochdruck [<a href=\"\/Veranstaltungen\/2025-11-03\/\">url<\/a>] <\/p>\n<p><strong>#15 - Apple<\/strong>  il 17 Aprile 2026 @ 16:25<br\/>LungenhochdruckDu hast nach gesucht - Seite 77 von 211 - Lungenhochdruck [<a href=\"\/page\/77\/?lang=de&#038;s\">url<\/a>] <\/p>\n<p><strong>#16 - Apple<\/strong>  il 17 Aprile 2026 @ 16:18<br\/>LungenhochdruckDu hast nach 6 gesucht - Page 96 sur 104 - Lungenhochdruck [<a href=\"\/fr\/page\/96\/?s=6\">url<\/a>] <\/p>\n<p><strong>#17 - Apple<\/strong>  il 17 Aprile 2026 @ 16:13<br\/>LungenhochdruckEventi &#8211; 13. Settembre 2023 &#8211; Lungenhochdruck [<a href=\"\/it\/eventi\/2023-09-13\/\">url<\/a>] <\/p>\n<p><strong>#18 - Apple<\/strong>  il 17 Aprile 2026 @ 16:09<br\/>LungenhochdruckSeite 70 &#8211; Lungenhochdruck [<a href=\"\/page\/70\/?eventDate=2004-07-04\">url<\/a>] <\/p>\n<p><strong>#19 - Bing<\/strong>  il 17 Aprile 2026 @ 16:07<br\/>LungenhochdruckDu hast nach 6 gesucht - Pagina 99 di 104 - Lungenhochdruck [<a href=\"\/it\/page\/99\/?s=6\">url<\/a>] <\/p>\n<p><strong>#20 - Apple<\/strong>  il 17 Aprile 2026 @ 16:04<br\/>LungenhochdruckDu hast nach 2 gesucht - Page 13 sur 106 - Lungenhochdruck [<a href=\"\/fr\/page\/13\/?s=2\">url<\/a>] <\/p>\n<p><strong>#21 - Apple<\/strong>  il 17 Aprile 2026 @ 16:03<br\/>LungenhochdruckVeranstaltungen f\u00fcr 3. September 2023 &#8211; Lungenhochdruck [<a href=\"\/Veranstaltungen\/2023-09-03\/\">url<\/a>] <\/p>\n<p><strong>#22 - Apple<\/strong>  il 17 Aprile 2026 @ 16:03<br\/>LungenhochdruckDu hast nach 2 gesucht - Seite 173 von 177 - Lungenhochdruck [<a href=\"\/page\/173\/?lang=de&#038;s=2\">url<\/a>] <\/p>\n<p><strong>#23 - Apple<\/strong>  il 17 Aprile 2026 @ 15:59<br\/>LungenhochdruckEventi &#8211; Marzo 2026 &#8211; Lungenhochdruck [<a href=\"\/it\/eventi\/mese\/2026-03\/\">url<\/a>] <\/p>\n<p><strong>#24 - Apple<\/strong>  il 17 Aprile 2026 @ 15:49<br\/>Lungenhochdruck\u00c9v\u00e8nements le 17. juin 2023 &#8250; Regionaltreffen &#8250;  &#8211; Lungenhochdruck [<a href=\"\/fr\/%c3%a9v%c3%a8nements\/categoria\/regionaltreffen-fr\/jour\/2023-06-17\/\">url<\/a>] <\/p>\n<p><strong>#25 - Apple<\/strong>  il 17 Aprile 2026 @ 15:47<br\/>Lungenhochdruck\u00c9v\u00e8nements le 27. ao\u00fbt 2024 &#8250; Regionaltreffen &#8250;  &#8211; Lungenhochdruck [<a href=\"\/fr\/%c3%a9v%c3%a8nements\/categoria\/regionaltreffen-fr\/jour\/2024-08-27\/\">url<\/a>] <\/p>\n<p><strong>#26 - Apple<\/strong>  il 17 Aprile 2026 @ 15:44<br\/>LungenhochdruckVeranstaltungen f\u00fcr 3. Juni 2023 &#8211; Lungenhochdruck [<a href=\"\/Veranstaltungen\/2023-06-03\/\">url<\/a>] <\/p>\n<p><strong>#27 - Apple<\/strong>  il 17 Aprile 2026 @ 15:39<br\/>LungenhochdruckVeranstaltungen f\u00fcr 4. Februar 2024 &#8211; Lungenhochdruck [<a href=\"\/Veranstaltungen\/2024-02-04\/\">url<\/a>] <\/p>\n<p><strong>#28 - Apple<\/strong>  il 17 Aprile 2026 @ 15:33<br\/>Lungenhochdruck &raquo; Verdienstkreuz f\u00fcr Bruno Kopp - Lungenhochdruck [<a href=\"\/verdienstkreuz-fuer-bruno-kopp\/\">url<\/a>] <\/p>\n<p><strong>#29 - Apple<\/strong>  il 17 Aprile 2026 @ 15:32<br\/>LungenhochdruckVeranstaltungen f\u00fcr 13. Oktober 2024 &#8211; Lungenhochdruck [<a href=\"\/Veranstaltungen\/2024-10-13\/\">url<\/a>] <\/p>\n<p><strong>#30 - Apple<\/strong>  il 17 Aprile 2026 @ 15:24<br\/>LungenhochdruckVeranstaltungen f\u00fcr 28. September 2024 &#8211; Lungenhochdruck [<a href=\"\/Veranstaltungen\/2024-09-28\/\">url<\/a>] <\/p>\n<p><strong>#31 - Apple<\/strong>  il 17 Aprile 2026 @ 15:22<br\/>LungenhochdruckSeite 67 &#8211; Lungenhochdruck [<a href=\"\/page\/67\/?amp&#038;eventDate=1984-01-31\">url<\/a>] <\/p>\n<p><strong>#32 - Bing<\/strong>  il 17 Aprile 2026 @ 15:22<br\/>Lungenhochdruck &raquo; Herzecho - Lungenhochdruck [<a href=\"\/glossar\/herzecho\/\">url<\/a>] <\/p>\n<p><strong>#33 - Bing<\/strong>  il 17 Aprile 2026 @ 15:16<br\/>LungenhochdruckEventi &#8211; Ottobre 2025 &#8211; Lungenhochdruck [<a href=\"\/it\/eventi\/mese\/2025-10\/\">url<\/a>] <\/p>\n<p><strong>#34 - Bing<\/strong>  il 17 Aprile 2026 @ 15:11<br\/>Lungenhochdruck &raquo; O2 - Lungenhochdruck [<a href=\"\/glossar\/o2\/\">url<\/a>] <\/p>\n<p><strong>#35 - Bing<\/strong>  il 17 Aprile 2026 @ 15:09<br\/>LungenhochdruckGlossar Archiv - Pagina 4 di 17 - Lungenhochdruck [<a href=\"\/it\/glossar\/page\/4\/\">url<\/a>] <\/p>\n<p><strong>#36 - Apple<\/strong>  il 17 Aprile 2026 @ 15:04<br\/>LungenhochdruckVeranstaltungen f\u00fcr 7. Dezember 2022 &#8211; Lungenhochdruck [<a href=\"\/Veranstaltungen\/2022-12-07\/\">url<\/a>] <\/p>\n<p><strong>#37 - Apple<\/strong>  il 17 Aprile 2026 @ 14:54<br\/>LungenhochdruckDu hast nach 6 gesucht - Pagina 94 di 104 - Lungenhochdruck [<a href=\"\/it\/page\/94\/?s=6\">url<\/a>] <\/p>\n<p><strong>#38 - Apple<\/strong>  il 17 Aprile 2026 @ 14:50<br\/>Lungenhochdruck\u00c9v\u00e8nements le 14. juillet 2023 &#8250; Regionaltreffen &#8250;  &#8211; Lungenhochdruck [<a href=\"\/fr\/%c3%a9v%c3%a8nements\/categoria\/regionaltreffen-fr\/jour\/2023-07-14\/\">url<\/a>] <\/p>\n<p><strong>#39 - Apple<\/strong>  il 17 Aprile 2026 @ 14:46<br\/>LungenhochdruckVeranstaltungen f\u00fcr 30. Juli 2023 &#8211; Lungenhochdruck [<a href=\"\/Veranstaltungen\/2023-07-30\/\">url<\/a>] <\/p>\n<p><strong>#40 - Apple<\/strong>  il 17 Aprile 2026 @ 14:46<br\/>LungenhochdruckVeranstaltungen f\u00fcr 10. Mai 2024 &#8211; Lungenhochdruck [<a href=\"\/Veranstaltungen\/2024-05-10\/\">url<\/a>] <\/p>\n<p><strong>#41 - Apple<\/strong>  il 17 Aprile 2026 @ 14:44<br\/>LungenhochdruckSeite 3 &#8211; Lungenhochdruck [<a href=\"\/page\/3\/?amp&#038;eventDate=2022-04-16\">url<\/a>] <\/p>\n<p><strong>#42 - Google<\/strong>  il 17 Aprile 2026 @ 14:43<br\/>Lungenhochdruck &raquo; Comment \u00eates-vous malade de l&#039;HTAP? les causes - Lungenhochdruck [<a href=\"\/fr\/ph\/ursachen\/\">url<\/a>] <\/p>\n<p><strong>#43 - Bing<\/strong>  il 17 Aprile 2026 @ 14:42<br\/>LungenhochdruckEventi &#8211; 12. Agosto 2024 &#8211; Lungenhochdruck [<a href=\"\/it\/eventi\/2024-08-12\/\">url<\/a>] <\/p>\n<p><strong>#44 - Apple<\/strong>  il 17 Aprile 2026 @ 14:34<br\/>LungenhochdruckDu hast nach 6 gesucht - Pagina 23 di 104 - Lungenhochdruck [<a href=\"\/it\/page\/23\/?s=6\">url<\/a>] <\/p>\n<\/div><\/code><\/p>\n","protected":false},"excerpt":{"rendered":"Ci sono 52 Benutzer in linea adesso: 0 Mitglieder, 8 G\u00e4ste e 44 Bots.Il maggior numero di utenti in linea sono 1.283, il 17 Marzo 2026 @ 9:328 G\u00e4ste In...","protected":false},"author":22,"featured_media":0,"parent":0,"menu_order":0,"comment_status":"closed","ping_status":"closed","template":"","meta":{"footnotes":""},"class_list":["post-16438","page","type-page","status-publish","hentry"],"yoast_head":"<!-- This site is optimized with the Yoast SEO plugin v27.4 - https:\/\/yoast.com\/product\/yoast-seo-wordpress\/ -->\n<title>membri online - Lungenhochdruck<\/title>\n<meta name=\"description\" content=\"Lungenhochdruck membri online\" \/>\n<meta name=\"robots\" content=\"index, follow, max-snippet:-1, max-image-preview:large, max-video-preview:-1\" \/>\n<link rel=\"canonical\" href=\"https:\/\/www.lungenhochdruck.ch\/it\/useronline\/\" \/>\n<meta property=\"og:locale\" content=\"it_IT\" \/>\n<meta property=\"og:type\" content=\"article\" \/>\n<meta property=\"og:title\" content=\"membri online - Lungenhochdruck\" \/>\n<meta property=\"og:description\" content=\"Lungenhochdruck membri online\" \/>\n<meta property=\"og:url\" content=\"https:\/\/www.lungenhochdruck.ch\/it\/useronline\/\" \/>\n<meta property=\"og:site_name\" content=\"Lungenhochdruck\" \/>\n<meta property=\"article:publisher\" content=\"https:\/\/www.facebook.com\/Lungenhochdruck-Schweiz-111565582240897\/\" \/>\n<meta property=\"article:modified_time\" content=\"2018-09-05T05:55:10+00:00\" \/>\n<meta name=\"twitter:card\" content=\"summary_large_image\" \/>\n<script type=\"application\/ld+json\" class=\"yoast-schema-graph\">{\"@context\":\"https:\\\/\\\/schema.org\",\"@graph\":[{\"@type\":\"WebPage\",\"@id\":\"https:\\\/\\\/www.lungenhochdruck.ch\\\/it\\\/useronline\\\/\",\"url\":\"https:\\\/\\\/www.lungenhochdruck.ch\\\/it\\\/useronline\\\/\",\"name\":\"membri online - Lungenhochdruck\",\"isPartOf\":{\"@id\":\"https:\\\/\\\/www.lungenhochdruck.ch\\\/#website\"},\"datePublished\":\"2017-07-22T18:15:51+00:00\",\"dateModified\":\"2018-09-05T05:55:10+00:00\",\"description\":\"Lungenhochdruck membri online\",\"breadcrumb\":{\"@id\":\"https:\\\/\\\/www.lungenhochdruck.ch\\\/it\\\/useronline\\\/#breadcrumb\"},\"inLanguage\":\"it-IT\",\"potentialAction\":[{\"@type\":\"ReadAction\",\"target\":[\"https:\\\/\\\/www.lungenhochdruck.ch\\\/it\\\/useronline\\\/\"]}]},{\"@type\":\"BreadcrumbList\",\"@id\":\"https:\\\/\\\/www.lungenhochdruck.ch\\\/it\\\/useronline\\\/#breadcrumb\",\"itemListElement\":[{\"@type\":\"ListItem\",\"position\":1,\"name\":\"Startseite\",\"item\":\"https:\\\/\\\/www.lungenhochdruck.ch\\\/it\\\/\"},{\"@type\":\"ListItem\",\"position\":2,\"name\":\"membri online\"}]},{\"@type\":\"WebSite\",\"@id\":\"https:\\\/\\\/www.lungenhochdruck.ch\\\/#website\",\"url\":\"https:\\\/\\\/www.lungenhochdruck.ch\\\/\",\"name\":\"Lungenhochdruck\",\"description\":\"pulmonale arterielle Hypertonie\",\"publisher\":{\"@id\":\"https:\\\/\\\/www.lungenhochdruck.ch\\\/#organization\"},\"potentialAction\":[{\"@type\":\"SearchAction\",\"target\":{\"@type\":\"EntryPoint\",\"urlTemplate\":\"https:\\\/\\\/www.lungenhochdruck.ch\\\/?s={search_term_string}\"},\"query-input\":{\"@type\":\"PropertyValueSpecification\",\"valueRequired\":true,\"valueName\":\"search_term_string\"}}],\"inLanguage\":\"it-IT\"},{\"@type\":\"Organization\",\"@id\":\"https:\\\/\\\/www.lungenhochdruck.ch\\\/#organization\",\"name\":\"SPHV\",\"url\":\"https:\\\/\\\/www.lungenhochdruck.ch\\\/\",\"logo\":{\"@type\":\"ImageObject\",\"inLanguage\":\"it-IT\",\"@id\":\"https:\\\/\\\/www.lungenhochdruck.ch\\\/#\\\/schema\\\/logo\\\/image\\\/\",\"url\":\"https:\\\/\\\/www.lungenhochdruck.ch\\\/wp-content\\\/uploads\\\/2000\\\/Logo-m.png\",\"contentUrl\":\"https:\\\/\\\/www.lungenhochdruck.ch\\\/wp-content\\\/uploads\\\/2000\\\/Logo-m.png\",\"width\":147,\"height\":158,\"caption\":\"SPHV\"},\"image\":{\"@id\":\"https:\\\/\\\/www.lungenhochdruck.ch\\\/#\\\/schema\\\/logo\\\/image\\\/\"},\"sameAs\":[\"https:\\\/\\\/www.facebook.com\\\/Lungenhochdruck-Schweiz-111565582240897\\\/\",\"https:\\\/\\\/instagram.com\\\/schweizer_ph_verein\",\"https:\\\/\\\/www.youtube.com\\\/channel\\\/UCgvCafUdjwoMKAzzGiaPyoQ\"]}]}<\/script>\n<!-- \/ Yoast SEO plugin. -->","yoast_head_json":{"title":"membri online - Lungenhochdruck","description":"Lungenhochdruck membri online","robots":{"index":"index","follow":"follow","max-snippet":"max-snippet:-1","max-image-preview":"max-image-preview:large","max-video-preview":"max-video-preview:-1"},"canonical":"https:\/\/www.lungenhochdruck.ch\/it\/useronline\/","og_locale":"it_IT","og_type":"article","og_title":"membri online - Lungenhochdruck","og_description":"Lungenhochdruck membri online","og_url":"https:\/\/www.lungenhochdruck.ch\/it\/useronline\/","og_site_name":"Lungenhochdruck","article_publisher":"https:\/\/www.facebook.com\/Lungenhochdruck-Schweiz-111565582240897\/","article_modified_time":"2018-09-05T05:55:10+00:00","twitter_card":"summary_large_image","schema":{"@context":"https:\/\/schema.org","@graph":[{"@type":"WebPage","@id":"https:\/\/www.lungenhochdruck.ch\/it\/useronline\/","url":"https:\/\/www.lungenhochdruck.ch\/it\/useronline\/","name":"membri online - Lungenhochdruck","isPartOf":{"@id":"https:\/\/www.lungenhochdruck.ch\/#website"},"datePublished":"2017-07-22T18:15:51+00:00","dateModified":"2018-09-05T05:55:10+00:00","description":"Lungenhochdruck membri online","breadcrumb":{"@id":"https:\/\/www.lungenhochdruck.ch\/it\/useronline\/#breadcrumb"},"inLanguage":"it-IT","potentialAction":[{"@type":"ReadAction","target":["https:\/\/www.lungenhochdruck.ch\/it\/useronline\/"]}]},{"@type":"BreadcrumbList","@id":"https:\/\/www.lungenhochdruck.ch\/it\/useronline\/#breadcrumb","itemListElement":[{"@type":"ListItem","position":1,"name":"Startseite","item":"https:\/\/www.lungenhochdruck.ch\/it\/"},{"@type":"ListItem","position":2,"name":"membri online"}]},{"@type":"WebSite","@id":"https:\/\/www.lungenhochdruck.ch\/#website","url":"https:\/\/www.lungenhochdruck.ch\/","name":"Lungenhochdruck","description":"pulmonale arterielle Hypertonie","publisher":{"@id":"https:\/\/www.lungenhochdruck.ch\/#organization"},"potentialAction":[{"@type":"SearchAction","target":{"@type":"EntryPoint","urlTemplate":"https:\/\/www.lungenhochdruck.ch\/?s={search_term_string}"},"query-input":{"@type":"PropertyValueSpecification","valueRequired":true,"valueName":"search_term_string"}}],"inLanguage":"it-IT"},{"@type":"Organization","@id":"https:\/\/www.lungenhochdruck.ch\/#organization","name":"SPHV","url":"https:\/\/www.lungenhochdruck.ch\/","logo":{"@type":"ImageObject","inLanguage":"it-IT","@id":"https:\/\/www.lungenhochdruck.ch\/#\/schema\/logo\/image\/","url":"https:\/\/www.lungenhochdruck.ch\/wp-content\/uploads\/2000\/Logo-m.png","contentUrl":"https:\/\/www.lungenhochdruck.ch\/wp-content\/uploads\/2000\/Logo-m.png","width":147,"height":158,"caption":"SPHV"},"image":{"@id":"https:\/\/www.lungenhochdruck.ch\/#\/schema\/logo\/image\/"},"sameAs":["https:\/\/www.facebook.com\/Lungenhochdruck-Schweiz-111565582240897\/","https:\/\/instagram.com\/schweizer_ph_verein","https:\/\/www.youtube.com\/channel\/UCgvCafUdjwoMKAzzGiaPyoQ"]}]}},"_links":{"self":[{"href":"https:\/\/www.lungenhochdruck.ch\/it\/wp-json\/wp\/v2\/pages\/16438","targetHints":{"allow":["GET"]}}],"collection":[{"href":"https:\/\/www.lungenhochdruck.ch\/it\/wp-json\/wp\/v2\/pages"}],"about":[{"href":"https:\/\/www.lungenhochdruck.ch\/it\/wp-json\/wp\/v2\/types\/page"}],"author":[{"embeddable":true,"href":"https:\/\/www.lungenhochdruck.ch\/it\/wp-json\/wp\/v2\/users\/22"}],"replies":[{"embeddable":true,"href":"https:\/\/www.lungenhochdruck.ch\/it\/wp-json\/wp\/v2\/comments?post=16438"}],"version-history":[{"count":0,"href":"https:\/\/www.lungenhochdruck.ch\/it\/wp-json\/wp\/v2\/pages\/16438\/revisions"}],"wp:attachment":[{"href":"https:\/\/www.lungenhochdruck.ch\/it\/wp-json\/wp\/v2\/media?parent=16438"}],"curies":[{"name":"wp","href":"https:\/\/api.w.org\/{rel}","templated":true}]}}